{"id":4281,"date":"2025-04-07T22:50:29","date_gmt":"2025-04-07T22:50:29","guid":{"rendered":"https:\/\/casadolivreiro.pt\/?post_type=product&#038;p=4281"},"modified":"2025-04-07T22:50:29","modified_gmt":"2025-04-07T22:50:29","slug":"que-es-montserrat-una-montana-un-santuario-un-monasterio-una-comunidad-de-espiritu-maur-m-boix","status":"publish","type":"product","link":"https:\/\/casadolivreiro.pt\/index.php\/product\/que-es-montserrat-una-montana-un-santuario-un-monasterio-una-comunidad-de-espiritu-maur-m-boix\/","title":{"rendered":"QU\u00c9 ES MONTSERRAT: Una monta\u00f1a \/ Un santu\u00e1rio \/ Un monasterio \/ Una comunidad de esp\u00edritu \u2013 Maur M. Boix"},"content":{"rendered":"<p>QU\u00c9 ES MONTSERRAT: Una monta\u00f1a \/ Un santu\u00e1rio \/ Un monasterio \/ Una comunidad de esp\u00edritu \u2013 Maur M. Boix<\/p>\n<p>Tradu\u00e7\u00e3o: Oriol Valls<\/p>\n<p>Ano de edi\u00e7\u00e3o: 1974<\/p>\n<p>Editor: l\u2019Abadia de Montserrat<\/p>\n<p>Idioma: Espanhol<\/p>\n<p>Dimens\u00f5es: 15.5 x 0.5 x 20<\/p>\n<p>Encaderna\u00e7\u00e3o: capa mole<\/p>\n<p>P\u00e1ginas: 76<\/p>\n","protected":false},"excerpt":{"rendered":"<p>QU\u00c9 ES MONTSERRAT: Una monta\u00f1a \/ Un santu\u00e1rio \/ Un monasterio \/ Una comunidad de esp\u00edritu \u2013 Maur M. Boix Tradu\u00e7\u00e3o: Oriol Valls Ano de edi\u00e7\u00e3o: 1974 Editor: l\u2019Abadia de Montserrat Idioma: Espanhol Dimens\u00f5es: 15.5 x 0.5 x 20 Encaderna\u00e7\u00e3o: capa mole P\u00e1ginas: 76<\/p>\n","protected":false},"featured_media":4282,"comment_status":"open","ping_status":"closed","template":"","meta":{"om_disable_all_campaigns":false,"_monsterinsights_skip_tracking":false,"_monsterinsights_sitenote_active":false,"_monsterinsights_sitenote_note":"","_monsterinsights_sitenote_category":0,"_uf_show_specific_survey":0,"_uf_disable_surveys":false},"product_cat":[24,33,30],"product_tag":[],"aioseo_notices":[],"jetpack_sharing_enabled":true,"_links":{"self":[{"href":"https:\/\/casadolivreiro.pt\/index.php\/wp-json\/wp\/v2\/product\/4281"}],"collection":[{"href":"https:\/\/casadolivreiro.pt\/index.php\/wp-json\/wp\/v2\/product"}],"about":[{"href":"https:\/\/casadolivreiro.pt\/index.php\/wp-json\/wp\/v2\/types\/product"}],"replies":[{"embeddable":true,"href":"https:\/\/casadolivreiro.pt\/index.php\/wp-json\/wp\/v2\/comments?post=4281"}],"wp:featuredmedia":[{"embeddable":true,"href":"https:\/\/casadolivreiro.pt\/index.php\/wp-json\/wp\/v2\/media\/4282"}],"wp:attachment":[{"href":"https:\/\/casadolivreiro.pt\/index.php\/wp-json\/wp\/v2\/media?parent=4281"}],"wp:term":[{"taxonomy":"product_cat","embeddable":true,"href":"https:\/\/casadolivreiro.pt\/index.php\/wp-json\/wp\/v2\/product_cat?post=4281"},{"taxonomy":"product_tag","embeddable":true,"href":"https:\/\/casadolivreiro.pt\/index.php\/wp-json\/wp\/v2\/product_tag?post=4281"}],"curies":[{"name":"wp","href":"https:\/\/api.w.org\/{rel}","templated":true}]}}