{"id":428,"date":"2024-03-11T21:48:43","date_gmt":"2024-03-11T21:48:43","guid":{"rendered":"https:\/\/casadolivreiro.pt\/?post_type=product&#038;p=428"},"modified":"2024-03-11T21:48:43","modified_gmt":"2024-03-11T21:48:43","slug":"adapt-or-die-transforming-your-supply-chain-into-an-adaptive-business-network-claus-heinrich-and-bob-betts","status":"publish","type":"product","link":"https:\/\/casadolivreiro.pt\/index.php\/product\/adapt-or-die-transforming-your-supply-chain-into-an-adaptive-business-network-claus-heinrich-and-bob-betts\/","title":{"rendered":"ADAPT OR DIE: Transforming your supply chain into an Adaptive Business Network &#8211; Claus Heinrich and Bob Betts"},"content":{"rendered":"<p>ADAPT OR DIE: Transforming your supply chain into an Adaptive Business Network<br \/>\nClaus Heinrich and Bob Betts<br \/>\nISBN: 978-0-471-26543-8<br \/>\nEditor: John Willey &amp; Sons. Inc. Hoboken, NJ, US<br \/>\nData de Lan\u00e7amento: 2003<br \/>\nIdioma:\u00a0 Ingl\u00eas<br \/>\nDimens\u00f5es: 15 x 2.3 x 23.5 cm<br \/>\nEncaderna\u00e7\u00e3o: Capa dura<br \/>\nP\u00e1ginas: 234<\/p>\n","protected":false},"excerpt":{"rendered":"<p>ADAPT OR DIE: Transforming your supply chain into an Adaptive Business Network Claus Heinrich and Bob Betts ISBN: 978-0-471-26543-8 Editor: John Willey &amp; Sons. Inc. Hoboken, NJ, US Data de Lan\u00e7amento: 2003 Idioma:\u00a0 Ingl\u00eas Dimens\u00f5es: 15 x 2.3 x 23.5 cm Encaderna\u00e7\u00e3o: Capa dura P\u00e1ginas: 234<\/p>\n","protected":false},"featured_media":429,"comment_status":"open","ping_status":"closed","template":"","meta":{"om_disable_all_campaigns":false,"_monsterinsights_skip_tracking":false,"_monsterinsights_sitenote_active":false,"_monsterinsights_sitenote_note":"","_monsterinsights_sitenote_category":0,"_uf_show_specific_survey":0,"_uf_disable_surveys":false},"product_cat":[41,55],"product_tag":[],"aioseo_notices":[],"jetpack_sharing_enabled":true,"_links":{"self":[{"href":"https:\/\/casadolivreiro.pt\/index.php\/wp-json\/wp\/v2\/product\/428"}],"collection":[{"href":"https:\/\/casadolivreiro.pt\/index.php\/wp-json\/wp\/v2\/product"}],"about":[{"href":"https:\/\/casadolivreiro.pt\/index.php\/wp-json\/wp\/v2\/types\/product"}],"replies":[{"embeddable":true,"href":"https:\/\/casadolivreiro.pt\/index.php\/wp-json\/wp\/v2\/comments?post=428"}],"wp:featuredmedia":[{"embeddable":true,"href":"https:\/\/casadolivreiro.pt\/index.php\/wp-json\/wp\/v2\/media\/429"}],"wp:attachment":[{"href":"https:\/\/casadolivreiro.pt\/index.php\/wp-json\/wp\/v2\/media?parent=428"}],"wp:term":[{"taxonomy":"product_cat","embeddable":true,"href":"https:\/\/casadolivreiro.pt\/index.php\/wp-json\/wp\/v2\/product_cat?post=428"},{"taxonomy":"product_tag","embeddable":true,"href":"https:\/\/casadolivreiro.pt\/index.php\/wp-json\/wp\/v2\/product_tag?post=428"}],"curies":[{"name":"wp","href":"https:\/\/api.w.org\/{rel}","templated":true}]}}