{"id":4279,"date":"2025-04-07T22:35:58","date_gmt":"2025-04-07T22:35:58","guid":{"rendered":"https:\/\/casadolivreiro.pt\/?post_type=product&#038;p=4279"},"modified":"2025-04-07T22:35:58","modified_gmt":"2025-04-07T22:35:58","slug":"os-galileus-a-historia-de-maria-madalena-frank-g-slaughter","status":"publish","type":"product","link":"https:\/\/casadolivreiro.pt\/index.php\/product\/os-galileus-a-historia-de-maria-madalena-frank-g-slaughter\/","title":{"rendered":"OS GALILEUS: A hist\u00f3ria de Maria Madalena \u2013 Frank G. Slaughter"},"content":{"rendered":"<p>OS GALILEUS: A hist\u00f3ria de Maria Madalena \u2013 Frank G. Slaughter<\/p>\n<p>Tradu\u00e7\u00e3o: Dr. Clarisse Tavares<\/p>\n<p>Ano de edi\u00e7\u00e3o:<\/p>\n<p>Editor: R.P.A. Publica\u00e7\u00f5es<\/p>\n<p>Idioma: Portugu\u00eas<\/p>\n<p>Dimens\u00f5es: 14 x 2 x 21<\/p>\n<p>Encaderna\u00e7\u00e3o: capa mole<\/p>\n<p>P\u00e1ginas: 351<\/p>\n","protected":false},"excerpt":{"rendered":"<p>OS GALILEUS: A hist\u00f3ria de Maria Madalena \u2013 Frank G. Slaughter Tradu\u00e7\u00e3o: Dr. Clarisse Tavares Ano de edi\u00e7\u00e3o: Editor: R.P.A. Publica\u00e7\u00f5es Idioma: Portugu\u00eas Dimens\u00f5es: 14 x 2 x 21 Encaderna\u00e7\u00e3o: capa mole P\u00e1ginas: 351<\/p>\n","protected":false},"featured_media":4280,"comment_status":"open","ping_status":"closed","template":"","meta":{"om_disable_all_campaigns":false,"_monsterinsights_skip_tracking":false,"_monsterinsights_sitenote_active":false,"_monsterinsights_sitenote_note":"","_monsterinsights_sitenote_category":0,"_uf_show_specific_survey":0,"_uf_disable_surveys":false},"product_cat":[33],"product_tag":[],"aioseo_notices":[],"jetpack_sharing_enabled":true,"_links":{"self":[{"href":"https:\/\/casadolivreiro.pt\/index.php\/wp-json\/wp\/v2\/product\/4279"}],"collection":[{"href":"https:\/\/casadolivreiro.pt\/index.php\/wp-json\/wp\/v2\/product"}],"about":[{"href":"https:\/\/casadolivreiro.pt\/index.php\/wp-json\/wp\/v2\/types\/product"}],"replies":[{"embeddable":true,"href":"https:\/\/casadolivreiro.pt\/index.php\/wp-json\/wp\/v2\/comments?post=4279"}],"wp:featuredmedia":[{"embeddable":true,"href":"https:\/\/casadolivreiro.pt\/index.php\/wp-json\/wp\/v2\/media\/4280"}],"wp:attachment":[{"href":"https:\/\/casadolivreiro.pt\/index.php\/wp-json\/wp\/v2\/media?parent=4279"}],"wp:term":[{"taxonomy":"product_cat","embeddable":true,"href":"https:\/\/casadolivreiro.pt\/index.php\/wp-json\/wp\/v2\/product_cat?post=4279"},{"taxonomy":"product_tag","embeddable":true,"href":"https:\/\/casadolivreiro.pt\/index.php\/wp-json\/wp\/v2\/product_tag?post=4279"}],"curies":[{"name":"wp","href":"https:\/\/api.w.org\/{rel}","templated":true}]}}