{"id":4277,"date":"2025-04-07T22:27:46","date_gmt":"2025-04-07T22:27:46","guid":{"rendered":"https:\/\/casadolivreiro.pt\/?post_type=product&#038;p=4277"},"modified":"2025-04-07T22:27:46","modified_gmt":"2025-04-07T22:27:46","slug":"a-flauta-em-lugar-do-cajado-vida-de-dom-franco-masserdotti-joao-munari","status":"publish","type":"product","link":"https:\/\/casadolivreiro.pt\/index.php\/product\/a-flauta-em-lugar-do-cajado-vida-de-dom-franco-masserdotti-joao-munari\/","title":{"rendered":"A FLAUTA EM LUGAR DO CAJADO: Vida de Dom Franco Masserdotti \u2013 Jo\u00e3o Munari"},"content":{"rendered":"<p>A FLAUTA EM LUGAR DO CAJADO: Vida de Dom Franco Masserdotti \u2013 Jo\u00e3o Munari<\/p>\n<p>Ano de edi\u00e7\u00e3o: 2015<\/p>\n<p>Editor: Jos\u00e9 Vieira<\/p>\n<p>Idioma: Portugu\u00eas<\/p>\n<p>Dimens\u00f5es: 13 x 1 x 19<\/p>\n<p>Encaderna\u00e7\u00e3o: capa mole<\/p>\n<p>P\u00e1ginas: 216<\/p>\n","protected":false},"excerpt":{"rendered":"<p>A FLAUTA EM LUGAR DO CAJADO: Vida de Dom Franco Masserdotti \u2013 Jo\u00e3o Munari Ano de edi\u00e7\u00e3o: 2015 Editor: Jos\u00e9 Vieira Idioma: Portugu\u00eas Dimens\u00f5es: 13 x 1 x 19 Encaderna\u00e7\u00e3o: capa mole P\u00e1ginas: 216<\/p>\n","protected":false},"featured_media":4278,"comment_status":"open","ping_status":"closed","template":"","meta":{"om_disable_all_campaigns":false,"_monsterinsights_skip_tracking":false,"_monsterinsights_sitenote_active":false,"_monsterinsights_sitenote_note":"","_monsterinsights_sitenote_category":0,"_uf_show_specific_survey":0,"_uf_disable_surveys":false},"product_cat":[28,33],"product_tag":[],"aioseo_notices":[],"jetpack_sharing_enabled":true,"_links":{"self":[{"href":"https:\/\/casadolivreiro.pt\/index.php\/wp-json\/wp\/v2\/product\/4277"}],"collection":[{"href":"https:\/\/casadolivreiro.pt\/index.php\/wp-json\/wp\/v2\/product"}],"about":[{"href":"https:\/\/casadolivreiro.pt\/index.php\/wp-json\/wp\/v2\/types\/product"}],"replies":[{"embeddable":true,"href":"https:\/\/casadolivreiro.pt\/index.php\/wp-json\/wp\/v2\/comments?post=4277"}],"wp:featuredmedia":[{"embeddable":true,"href":"https:\/\/casadolivreiro.pt\/index.php\/wp-json\/wp\/v2\/media\/4278"}],"wp:attachment":[{"href":"https:\/\/casadolivreiro.pt\/index.php\/wp-json\/wp\/v2\/media?parent=4277"}],"wp:term":[{"taxonomy":"product_cat","embeddable":true,"href":"https:\/\/casadolivreiro.pt\/index.php\/wp-json\/wp\/v2\/product_cat?post=4277"},{"taxonomy":"product_tag","embeddable":true,"href":"https:\/\/casadolivreiro.pt\/index.php\/wp-json\/wp\/v2\/product_tag?post=4277"}],"curies":[{"name":"wp","href":"https:\/\/api.w.org\/{rel}","templated":true}]}}