{"id":4267,"date":"2025-04-07T21:48:16","date_gmt":"2025-04-07T21:48:16","guid":{"rendered":"https:\/\/casadolivreiro.pt\/?post_type=product&#038;p=4267"},"modified":"2025-04-07T21:48:16","modified_gmt":"2025-04-07T21:48:16","slug":"biografia-de-jesus-o-retrato-historico-de-um-cristo-intemporal-jean-claude-barreau","status":"publish","type":"product","link":"https:\/\/casadolivreiro.pt\/index.php\/product\/biografia-de-jesus-o-retrato-historico-de-um-cristo-intemporal-jean-claude-barreau\/","title":{"rendered":"BIOGRAFIA DE JESUS: O retrato hist\u00f3rico de um Cristo intemporal \u2013 Jean-Claude Barreau"},"content":{"rendered":"<p>BIOGRAFIA DE JESUS: O retrato hist\u00f3rico de um Cristo intemporal \u2013 Jean-Claude Barreau<\/p>\n<p>Tradu\u00e7\u00e3o de Jorge Pinheiro<\/p>\n<p>Ano de edi\u00e7\u00e3o:<\/p>\n<p>Editor: Publica\u00e7\u00f5es Europa-Am\u00e9rica Lda.<\/p>\n<p>Idioma: Portugu\u00eas<\/p>\n<p>Dimens\u00f5es: 13.4 x 0.9 x 22<\/p>\n<p>Encaderna\u00e7\u00e3o: capa mole<\/p>\n<p>P\u00e1ginas: 101<\/p>\n","protected":false},"excerpt":{"rendered":"<p>BIOGRAFIA DE JESUS: O retrato hist\u00f3rico de um Cristo intemporal \u2013 Jean-Claude Barreau Tradu\u00e7\u00e3o de Jorge Pinheiro Ano de edi\u00e7\u00e3o: Editor: Publica\u00e7\u00f5es Europa-Am\u00e9rica Lda. Idioma: Portugu\u00eas Dimens\u00f5es: 13.4 x 0.9 x 22 Encaderna\u00e7\u00e3o: capa mole P\u00e1ginas: 101<\/p>\n","protected":false},"featured_media":4268,"comment_status":"open","ping_status":"closed","template":"","meta":{"om_disable_all_campaigns":false,"_monsterinsights_skip_tracking":false,"_monsterinsights_sitenote_active":false,"_monsterinsights_sitenote_note":"","_monsterinsights_sitenote_category":0,"_uf_show_specific_survey":0,"_uf_disable_surveys":false},"product_cat":[28,33],"product_tag":[],"aioseo_notices":[],"jetpack_sharing_enabled":true,"_links":{"self":[{"href":"https:\/\/casadolivreiro.pt\/index.php\/wp-json\/wp\/v2\/product\/4267"}],"collection":[{"href":"https:\/\/casadolivreiro.pt\/index.php\/wp-json\/wp\/v2\/product"}],"about":[{"href":"https:\/\/casadolivreiro.pt\/index.php\/wp-json\/wp\/v2\/types\/product"}],"replies":[{"embeddable":true,"href":"https:\/\/casadolivreiro.pt\/index.php\/wp-json\/wp\/v2\/comments?post=4267"}],"wp:featuredmedia":[{"embeddable":true,"href":"https:\/\/casadolivreiro.pt\/index.php\/wp-json\/wp\/v2\/media\/4268"}],"wp:attachment":[{"href":"https:\/\/casadolivreiro.pt\/index.php\/wp-json\/wp\/v2\/media?parent=4267"}],"wp:term":[{"taxonomy":"product_cat","embeddable":true,"href":"https:\/\/casadolivreiro.pt\/index.php\/wp-json\/wp\/v2\/product_cat?post=4267"},{"taxonomy":"product_tag","embeddable":true,"href":"https:\/\/casadolivreiro.pt\/index.php\/wp-json\/wp\/v2\/product_tag?post=4267"}],"curies":[{"name":"wp","href":"https:\/\/api.w.org\/{rel}","templated":true}]}}