{"id":4264,"date":"2025-04-07T18:02:58","date_gmt":"2025-04-07T18:02:58","guid":{"rendered":"https:\/\/casadolivreiro.pt\/?post_type=product&#038;p=4264"},"modified":"2025-04-07T18:02:58","modified_gmt":"2025-04-07T18:02:58","slug":"apocalipse-novos-ceus-e-nova-terra-x-semana-biblica-nacional","status":"publish","type":"product","link":"https:\/\/casadolivreiro.pt\/index.php\/product\/apocalipse-novos-ceus-e-nova-terra-x-semana-biblica-nacional\/","title":{"rendered":"APOCALIPSE: NOVOS C\u00c9US E NOVA TERRA \u2013 X Semana B\u00edblica Nacional"},"content":{"rendered":"<p>APOCALIPSE: NOVOS C\u00c9US E NOVA TERRA \u2013 X Semana B\u00edblica Nacional<\/p>\n<p>Ano de edi\u00e7\u00e3o: 1988<\/p>\n<p>Editor: Difusora B\u00edblica<\/p>\n<p>Idioma: Portugu\u00eas<\/p>\n<p>Dimens\u00f5es: 14 x 1 x 20.3<\/p>\n<p>Encaderna\u00e7\u00e3o: capa mole<\/p>\n<p>P\u00e1ginas: 214<\/p>\n","protected":false},"excerpt":{"rendered":"<p>APOCALIPSE: NOVOS C\u00c9US E NOVA TERRA \u2013 X Semana B\u00edblica Nacional Ano de edi\u00e7\u00e3o: 1988 Editor: Difusora B\u00edblica Idioma: Portugu\u00eas Dimens\u00f5es: 14 x 1 x 20.3 Encaderna\u00e7\u00e3o: capa mole P\u00e1ginas: 214<\/p>\n","protected":false},"featured_media":4265,"comment_status":"open","ping_status":"closed","template":"","meta":{"om_disable_all_campaigns":false,"_monsterinsights_skip_tracking":false,"_monsterinsights_sitenote_active":false,"_monsterinsights_sitenote_note":"","_monsterinsights_sitenote_category":0,"_uf_show_specific_survey":0,"_uf_disable_surveys":false},"product_cat":[33],"product_tag":[],"aioseo_notices":[],"jetpack_sharing_enabled":true,"_links":{"self":[{"href":"https:\/\/casadolivreiro.pt\/index.php\/wp-json\/wp\/v2\/product\/4264"}],"collection":[{"href":"https:\/\/casadolivreiro.pt\/index.php\/wp-json\/wp\/v2\/product"}],"about":[{"href":"https:\/\/casadolivreiro.pt\/index.php\/wp-json\/wp\/v2\/types\/product"}],"replies":[{"embeddable":true,"href":"https:\/\/casadolivreiro.pt\/index.php\/wp-json\/wp\/v2\/comments?post=4264"}],"wp:featuredmedia":[{"embeddable":true,"href":"https:\/\/casadolivreiro.pt\/index.php\/wp-json\/wp\/v2\/media\/4265"}],"wp:attachment":[{"href":"https:\/\/casadolivreiro.pt\/index.php\/wp-json\/wp\/v2\/media?parent=4264"}],"wp:term":[{"taxonomy":"product_cat","embeddable":true,"href":"https:\/\/casadolivreiro.pt\/index.php\/wp-json\/wp\/v2\/product_cat?post=4264"},{"taxonomy":"product_tag","embeddable":true,"href":"https:\/\/casadolivreiro.pt\/index.php\/wp-json\/wp\/v2\/product_tag?post=4264"}],"curies":[{"name":"wp","href":"https:\/\/api.w.org\/{rel}","templated":true}]}}