{"id":4260,"date":"2025-04-07T17:49:55","date_gmt":"2025-04-07T17:49:55","guid":{"rendered":"https:\/\/casadolivreiro.pt\/?post_type=product&#038;p=4260"},"modified":"2025-04-07T17:49:55","modified_gmt":"2025-04-07T17:49:55","slug":"igreja-matriz-de-castelo-de-vida-de-santa-maria-da-devesa-rosario-salema-de-carvalho","status":"publish","type":"product","link":"https:\/\/casadolivreiro.pt\/index.php\/product\/igreja-matriz-de-castelo-de-vida-de-santa-maria-da-devesa-rosario-salema-de-carvalho\/","title":{"rendered":"IGREJA MATRIZ DE CASTELO DE VIDA DE SANTA MARIA DA DEVESA \u2013 Ros\u00e1rio Salema de Carvalho"},"content":{"rendered":"<p>IGREJA MATRIZ DE CASTELO DE VIDA DE SANTA MARIA DA DEVESA \u2013 Ros\u00e1rio Salema de Carvalho<\/p>\n<p>Ano de edi\u00e7\u00e3o: 2006, 1.\u00aa edi\u00e7\u00e3o<\/p>\n<p>Editor: C\u00e2mara Municipal de Castelo de Vida<\/p>\n<p>Idioma: Portugu\u00eas<\/p>\n<p>Dimens\u00f5es: 20 x 0.7 x 22<\/p>\n<p>Encaderna\u00e7\u00e3o: capa mole<\/p>\n<p>P\u00e1ginas: 77<\/p>\n","protected":false},"excerpt":{"rendered":"<p>IGREJA MATRIZ DE CASTELO DE VIDA DE SANTA MARIA DA DEVESA \u2013 Ros\u00e1rio Salema de Carvalho Ano de edi\u00e7\u00e3o: 2006, 1.\u00aa edi\u00e7\u00e3o Editor: C\u00e2mara Municipal de Castelo de Vida Idioma: Portugu\u00eas Dimens\u00f5es: 20 x 0.7 x 22 Encaderna\u00e7\u00e3o: capa mole P\u00e1ginas: 77<\/p>\n","protected":false},"featured_media":4261,"comment_status":"open","ping_status":"closed","template":"","meta":{"om_disable_all_campaigns":false,"_monsterinsights_skip_tracking":false,"_monsterinsights_sitenote_active":false,"_monsterinsights_sitenote_note":"","_monsterinsights_sitenote_category":0,"_uf_show_specific_survey":0,"_uf_disable_surveys":false},"product_cat":[24,33,30],"product_tag":[],"aioseo_notices":[],"jetpack_sharing_enabled":true,"_links":{"self":[{"href":"https:\/\/casadolivreiro.pt\/index.php\/wp-json\/wp\/v2\/product\/4260"}],"collection":[{"href":"https:\/\/casadolivreiro.pt\/index.php\/wp-json\/wp\/v2\/product"}],"about":[{"href":"https:\/\/casadolivreiro.pt\/index.php\/wp-json\/wp\/v2\/types\/product"}],"replies":[{"embeddable":true,"href":"https:\/\/casadolivreiro.pt\/index.php\/wp-json\/wp\/v2\/comments?post=4260"}],"wp:featuredmedia":[{"embeddable":true,"href":"https:\/\/casadolivreiro.pt\/index.php\/wp-json\/wp\/v2\/media\/4261"}],"wp:attachment":[{"href":"https:\/\/casadolivreiro.pt\/index.php\/wp-json\/wp\/v2\/media?parent=4260"}],"wp:term":[{"taxonomy":"product_cat","embeddable":true,"href":"https:\/\/casadolivreiro.pt\/index.php\/wp-json\/wp\/v2\/product_cat?post=4260"},{"taxonomy":"product_tag","embeddable":true,"href":"https:\/\/casadolivreiro.pt\/index.php\/wp-json\/wp\/v2\/product_tag?post=4260"}],"curies":[{"name":"wp","href":"https:\/\/api.w.org\/{rel}","templated":true}]}}