{"id":426,"date":"2024-03-11T21:45:30","date_gmt":"2024-03-11T21:45:30","guid":{"rendered":"https:\/\/casadolivreiro.pt\/?post_type=product&#038;p=426"},"modified":"2024-03-11T21:45:30","modified_gmt":"2024-03-11T21:45:30","slug":"taking-care-of-ebusiness-thomas-m-siebel","status":"publish","type":"product","link":"https:\/\/casadolivreiro.pt\/index.php\/product\/taking-care-of-ebusiness-thomas-m-siebel\/","title":{"rendered":"TAKING CARE OF eBUSINESS &#8211; Thomas M. Siebel"},"content":{"rendered":"<p>TAKING CARE OF eBUSINESS<br \/>\nThomas M. Siebel<br \/>\nISBN: 9780385502276<br \/>\nEditor: A Currency Book (Doubleday), New York<br \/>\nData de Lan\u00e7amento: 2001<br \/>\nIdioma:\u00a0 Ingl\u00eas<br \/>\nDimens\u00f5es: 15 x 2.3 x 24 cm<br \/>\nEncaderna\u00e7\u00e3o: Capa dura<br \/>\nP\u00e1ginas: 258<\/p>\n","protected":false},"excerpt":{"rendered":"<p>TAKING CARE OF eBUSINESS Thomas M. Siebel ISBN: 9780385502276 Editor: A Currency Book (Doubleday), New York Data de Lan\u00e7amento: 2001 Idioma:\u00a0 Ingl\u00eas Dimens\u00f5es: 15 x 2.3 x 24 cm Encaderna\u00e7\u00e3o: Capa dura P\u00e1ginas: 258<\/p>\n","protected":false},"featured_media":427,"comment_status":"open","ping_status":"closed","template":"","meta":{"om_disable_all_campaigns":false,"_monsterinsights_skip_tracking":false,"_monsterinsights_sitenote_active":false,"_monsterinsights_sitenote_note":"","_monsterinsights_sitenote_category":0,"_uf_show_specific_survey":0,"_uf_disable_surveys":false},"product_cat":[41,55],"product_tag":[],"aioseo_notices":[],"jetpack_sharing_enabled":true,"_links":{"self":[{"href":"https:\/\/casadolivreiro.pt\/index.php\/wp-json\/wp\/v2\/product\/426"}],"collection":[{"href":"https:\/\/casadolivreiro.pt\/index.php\/wp-json\/wp\/v2\/product"}],"about":[{"href":"https:\/\/casadolivreiro.pt\/index.php\/wp-json\/wp\/v2\/types\/product"}],"replies":[{"embeddable":true,"href":"https:\/\/casadolivreiro.pt\/index.php\/wp-json\/wp\/v2\/comments?post=426"}],"wp:featuredmedia":[{"embeddable":true,"href":"https:\/\/casadolivreiro.pt\/index.php\/wp-json\/wp\/v2\/media\/427"}],"wp:attachment":[{"href":"https:\/\/casadolivreiro.pt\/index.php\/wp-json\/wp\/v2\/media?parent=426"}],"wp:term":[{"taxonomy":"product_cat","embeddable":true,"href":"https:\/\/casadolivreiro.pt\/index.php\/wp-json\/wp\/v2\/product_cat?post=426"},{"taxonomy":"product_tag","embeddable":true,"href":"https:\/\/casadolivreiro.pt\/index.php\/wp-json\/wp\/v2\/product_tag?post=426"}],"curies":[{"name":"wp","href":"https:\/\/api.w.org\/{rel}","templated":true}]}}