{"id":4258,"date":"2025-04-07T17:42:51","date_gmt":"2025-04-07T17:42:51","guid":{"rendered":"https:\/\/casadolivreiro.pt\/?post_type=product&#038;p=4258"},"modified":"2025-04-07T17:42:52","modified_gmt":"2025-04-07T17:42:52","slug":"a-minha-biblia-em-historias-volume-1-renita-boyle-melanie-florian","status":"publish","type":"product","link":"https:\/\/casadolivreiro.pt\/index.php\/product\/a-minha-biblia-em-historias-volume-1-renita-boyle-melanie-florian\/","title":{"rendered":"A MINHA BIBLIA EM HIST\u00d3RIAS, Volume 1  &#8211; Renita Boyle, Melanie Florian"},"content":{"rendered":"<p>A MINHA BIBLIA EM HIST\u00d3RIAS, Volume 1 \u00a0&#8211; Renita Boyle, Melanie Florian<\/p>\n<p>Tradu\u00e7\u00e3o de Patricia Caldeira Pinto<\/p>\n<p>Ano de edi\u00e7\u00e3o: 2013<\/p>\n<p>Editor: ASA<\/p>\n<p>Idioma: Portugu\u00eas<\/p>\n<p>Dimens\u00f5es: 20 x 0.7 x 22.5<\/p>\n<p>Encaderna\u00e7\u00e3o: capa dura<\/p>\n<p>P\u00e1ginas: 72<\/p>\n","protected":false},"excerpt":{"rendered":"<p>A MINHA BIBLIA EM HIST\u00d3RIAS, Volume 1 \u00a0&#8211; Renita Boyle, Melanie Florian Tradu\u00e7\u00e3o de Patricia Caldeira Pinto Ano de edi\u00e7\u00e3o: 2013 Editor: ASA Idioma: Portugu\u00eas Dimens\u00f5es: 20 x 0.7 x 22.5 Encaderna\u00e7\u00e3o: capa dura P\u00e1ginas: 72<\/p>\n","protected":false},"featured_media":4259,"comment_status":"open","ping_status":"closed","template":"","meta":{"om_disable_all_campaigns":false,"_monsterinsights_skip_tracking":false,"_monsterinsights_sitenote_active":false,"_monsterinsights_sitenote_note":"","_monsterinsights_sitenote_category":0,"_uf_show_specific_survey":0,"_uf_disable_surveys":false},"product_cat":[33,34],"product_tag":[],"aioseo_notices":[],"jetpack_sharing_enabled":true,"_links":{"self":[{"href":"https:\/\/casadolivreiro.pt\/index.php\/wp-json\/wp\/v2\/product\/4258"}],"collection":[{"href":"https:\/\/casadolivreiro.pt\/index.php\/wp-json\/wp\/v2\/product"}],"about":[{"href":"https:\/\/casadolivreiro.pt\/index.php\/wp-json\/wp\/v2\/types\/product"}],"replies":[{"embeddable":true,"href":"https:\/\/casadolivreiro.pt\/index.php\/wp-json\/wp\/v2\/comments?post=4258"}],"wp:featuredmedia":[{"embeddable":true,"href":"https:\/\/casadolivreiro.pt\/index.php\/wp-json\/wp\/v2\/media\/4259"}],"wp:attachment":[{"href":"https:\/\/casadolivreiro.pt\/index.php\/wp-json\/wp\/v2\/media?parent=4258"}],"wp:term":[{"taxonomy":"product_cat","embeddable":true,"href":"https:\/\/casadolivreiro.pt\/index.php\/wp-json\/wp\/v2\/product_cat?post=4258"},{"taxonomy":"product_tag","embeddable":true,"href":"https:\/\/casadolivreiro.pt\/index.php\/wp-json\/wp\/v2\/product_tag?post=4258"}],"curies":[{"name":"wp","href":"https:\/\/api.w.org\/{rel}","templated":true}]}}