{"id":4256,"date":"2025-04-07T16:43:50","date_gmt":"2025-04-07T16:43:50","guid":{"rendered":"https:\/\/casadolivreiro.pt\/?post_type=product&#038;p=4256"},"modified":"2025-04-07T16:43:50","modified_gmt":"2025-04-07T16:43:50","slug":"a-esperanca-em-accao-lucien-j-engelmajer","status":"publish","type":"product","link":"https:\/\/casadolivreiro.pt\/index.php\/product\/a-esperanca-em-accao-lucien-j-engelmajer\/","title":{"rendered":"A ESPERAN\u00c7A EM AC\u00c7\u00c3O \u2013 Lucien J. Engelmajer"},"content":{"rendered":"<p>A ESPERAN\u00c7A EM AC\u00c7\u00c3O \u2013 Lucien J. Engelmajer<\/p>\n<p>Ano de edi\u00e7\u00e3o: 1987<\/p>\n<p>Editor: Asociacion El Patriarca, Madrid<\/p>\n<p>Idioma: Portugu\u00eas<\/p>\n<p>Dimens\u00f5es: 13 x 1.8 x 22<\/p>\n<p>Encaderna\u00e7\u00e3o: capa mole<\/p>\n<p>P\u00e1ginas: 330<\/p>\n","protected":false},"excerpt":{"rendered":"<p>A ESPERAN\u00c7A EM AC\u00c7\u00c3O \u2013 Lucien J. Engelmajer Ano de edi\u00e7\u00e3o: 1987 Editor: Asociacion El Patriarca, Madrid Idioma: Portugu\u00eas Dimens\u00f5es: 13 x 1.8 x 22 Encaderna\u00e7\u00e3o: capa mole P\u00e1ginas: 330<\/p>\n","protected":false},"featured_media":4257,"comment_status":"open","ping_status":"closed","template":"","meta":{"om_disable_all_campaigns":false,"_monsterinsights_skip_tracking":false,"_monsterinsights_sitenote_active":false,"_monsterinsights_sitenote_note":"","_monsterinsights_sitenote_category":0,"_uf_show_specific_survey":0,"_uf_disable_surveys":false},"product_cat":[31,33],"product_tag":[],"aioseo_notices":[],"jetpack_sharing_enabled":true,"_links":{"self":[{"href":"https:\/\/casadolivreiro.pt\/index.php\/wp-json\/wp\/v2\/product\/4256"}],"collection":[{"href":"https:\/\/casadolivreiro.pt\/index.php\/wp-json\/wp\/v2\/product"}],"about":[{"href":"https:\/\/casadolivreiro.pt\/index.php\/wp-json\/wp\/v2\/types\/product"}],"replies":[{"embeddable":true,"href":"https:\/\/casadolivreiro.pt\/index.php\/wp-json\/wp\/v2\/comments?post=4256"}],"wp:featuredmedia":[{"embeddable":true,"href":"https:\/\/casadolivreiro.pt\/index.php\/wp-json\/wp\/v2\/media\/4257"}],"wp:attachment":[{"href":"https:\/\/casadolivreiro.pt\/index.php\/wp-json\/wp\/v2\/media?parent=4256"}],"wp:term":[{"taxonomy":"product_cat","embeddable":true,"href":"https:\/\/casadolivreiro.pt\/index.php\/wp-json\/wp\/v2\/product_cat?post=4256"},{"taxonomy":"product_tag","embeddable":true,"href":"https:\/\/casadolivreiro.pt\/index.php\/wp-json\/wp\/v2\/product_tag?post=4256"}],"curies":[{"name":"wp","href":"https:\/\/api.w.org\/{rel}","templated":true}]}}