{"id":4248,"date":"2025-04-07T16:15:45","date_gmt":"2025-04-07T16:15:45","guid":{"rendered":"https:\/\/casadolivreiro.pt\/?post_type=product&#038;p=4248"},"modified":"2025-04-07T16:15:45","modified_gmt":"2025-04-07T16:15:45","slug":"na-busca-da-esperanca-como-uma-gaivota-vitor-mateus","status":"publish","type":"product","link":"https:\/\/casadolivreiro.pt\/index.php\/product\/na-busca-da-esperanca-como-uma-gaivota-vitor-mateus\/","title":{"rendered":"NA BUSCA DA ESPERAN\u00c7A COMO UMA GAIVOTA \u2013 Vitor Mateus"},"content":{"rendered":"<p>NA BUSCA DA ESPERAN\u00c7A COMO UMA GAIVOTA \u2013 Vitor Mateus<\/p>\n<p>Ano de edi\u00e7\u00e3o: 2001<\/p>\n<p>Editor: Garrido artes gr\u00e1ficas<\/p>\n<p>Idioma: Portugu\u00eas<\/p>\n<p>Dimens\u00f5es: 15.9 x 1.1 x 22.8<\/p>\n<p>Encaderna\u00e7\u00e3o: capa mole<\/p>\n<p>P\u00e1ginas: 239<\/p>\n","protected":false},"excerpt":{"rendered":"<p>NA BUSCA DA ESPERAN\u00c7A COMO UMA GAIVOTA \u2013 Vitor Mateus Ano de edi\u00e7\u00e3o: 2001 Editor: Garrido artes gr\u00e1ficas Idioma: Portugu\u00eas Dimens\u00f5es: 15.9 x 1.1 x 22.8 Encaderna\u00e7\u00e3o: capa mole P\u00e1ginas: 239<\/p>\n","protected":false},"featured_media":4249,"comment_status":"open","ping_status":"closed","template":"","meta":{"om_disable_all_campaigns":false,"_monsterinsights_skip_tracking":false,"_monsterinsights_sitenote_active":false,"_monsterinsights_sitenote_note":"","_monsterinsights_sitenote_category":0,"_uf_show_specific_survey":0,"_uf_disable_surveys":false},"product_cat":[63],"product_tag":[],"aioseo_notices":[],"jetpack_sharing_enabled":true,"_links":{"self":[{"href":"https:\/\/casadolivreiro.pt\/index.php\/wp-json\/wp\/v2\/product\/4248"}],"collection":[{"href":"https:\/\/casadolivreiro.pt\/index.php\/wp-json\/wp\/v2\/product"}],"about":[{"href":"https:\/\/casadolivreiro.pt\/index.php\/wp-json\/wp\/v2\/types\/product"}],"replies":[{"embeddable":true,"href":"https:\/\/casadolivreiro.pt\/index.php\/wp-json\/wp\/v2\/comments?post=4248"}],"wp:featuredmedia":[{"embeddable":true,"href":"https:\/\/casadolivreiro.pt\/index.php\/wp-json\/wp\/v2\/media\/4249"}],"wp:attachment":[{"href":"https:\/\/casadolivreiro.pt\/index.php\/wp-json\/wp\/v2\/media?parent=4248"}],"wp:term":[{"taxonomy":"product_cat","embeddable":true,"href":"https:\/\/casadolivreiro.pt\/index.php\/wp-json\/wp\/v2\/product_cat?post=4248"},{"taxonomy":"product_tag","embeddable":true,"href":"https:\/\/casadolivreiro.pt\/index.php\/wp-json\/wp\/v2\/product_tag?post=4248"}],"curies":[{"name":"wp","href":"https:\/\/api.w.org\/{rel}","templated":true}]}}