{"id":4246,"date":"2025-04-07T16:08:14","date_gmt":"2025-04-07T16:08:14","guid":{"rendered":"https:\/\/casadolivreiro.pt\/?post_type=product&#038;p=4246"},"modified":"2025-04-07T16:08:15","modified_gmt":"2025-04-07T16:08:15","slug":"rosario-de-luz-da-mae-maria-desmascara-a-igreja-carlos-carvalho","status":"publish","type":"product","link":"https:\/\/casadolivreiro.pt\/index.php\/product\/rosario-de-luz-da-mae-maria-desmascara-a-igreja-carlos-carvalho\/","title":{"rendered":"ROS\u00c1RIO DE LUZ DA M\u00c3E: Maria Desmascara a Igreja \u2013 Carlos   Carvalho"},"content":{"rendered":"<p>ROS\u00c1RIO DE LUZ DA M\u00c3E: Maria Desmascara a Igreja \u2013 Carlos\u00a0\u00a0 Carvalho<\/p>\n<p>Ano de edi\u00e7\u00e3o: 2006<\/p>\n<p>Editor: Anjo Dourado Lda.<\/p>\n<p>Idioma: Portugu\u00eas<\/p>\n<p>Dimens\u00f5es: 15.5 x 1 x 23<\/p>\n<p>Encaderna\u00e7\u00e3o: capa mole<\/p>\n<p>P\u00e1ginas: 175<\/p>\n","protected":false},"excerpt":{"rendered":"<p>ROS\u00c1RIO DE LUZ DA M\u00c3E: Maria Desmascara a Igreja \u2013 Carlos\u00a0\u00a0 Carvalho Ano de edi\u00e7\u00e3o: 2006 Editor: Anjo Dourado Lda. Idioma: Portugu\u00eas Dimens\u00f5es: 15.5 x 1 x 23 Encaderna\u00e7\u00e3o: capa mole P\u00e1ginas: 175<\/p>\n","protected":false},"featured_media":4247,"comment_status":"open","ping_status":"closed","template":"","meta":{"om_disable_all_campaigns":false,"_monsterinsights_skip_tracking":false,"_monsterinsights_sitenote_active":false,"_monsterinsights_sitenote_note":"","_monsterinsights_sitenote_category":0,"_uf_show_specific_survey":0,"_uf_disable_surveys":false},"product_cat":[33],"product_tag":[],"aioseo_notices":[],"jetpack_sharing_enabled":true,"_links":{"self":[{"href":"https:\/\/casadolivreiro.pt\/index.php\/wp-json\/wp\/v2\/product\/4246"}],"collection":[{"href":"https:\/\/casadolivreiro.pt\/index.php\/wp-json\/wp\/v2\/product"}],"about":[{"href":"https:\/\/casadolivreiro.pt\/index.php\/wp-json\/wp\/v2\/types\/product"}],"replies":[{"embeddable":true,"href":"https:\/\/casadolivreiro.pt\/index.php\/wp-json\/wp\/v2\/comments?post=4246"}],"wp:featuredmedia":[{"embeddable":true,"href":"https:\/\/casadolivreiro.pt\/index.php\/wp-json\/wp\/v2\/media\/4247"}],"wp:attachment":[{"href":"https:\/\/casadolivreiro.pt\/index.php\/wp-json\/wp\/v2\/media?parent=4246"}],"wp:term":[{"taxonomy":"product_cat","embeddable":true,"href":"https:\/\/casadolivreiro.pt\/index.php\/wp-json\/wp\/v2\/product_cat?post=4246"},{"taxonomy":"product_tag","embeddable":true,"href":"https:\/\/casadolivreiro.pt\/index.php\/wp-json\/wp\/v2\/product_tag?post=4246"}],"curies":[{"name":"wp","href":"https:\/\/api.w.org\/{rel}","templated":true}]}}