{"id":4244,"date":"2025-04-07T16:00:05","date_gmt":"2025-04-07T16:00:05","guid":{"rendered":"https:\/\/casadolivreiro.pt\/?post_type=product&#038;p=4244"},"modified":"2025-04-07T16:00:06","modified_gmt":"2025-04-07T16:00:06","slug":"deus-e-a-nova-fisica-paul-davies","status":"publish","type":"product","link":"https:\/\/casadolivreiro.pt\/index.php\/product\/deus-e-a-nova-fisica-paul-davies\/","title":{"rendered":"DEUS E A NOVA F\u00cdSICA \u2013 Paul Davies"},"content":{"rendered":"<p>DEUS E A NOVA F\u00cdSICA \u2013 Paul Davies<\/p>\n<p>Tradu\u00e7\u00e3o de V\u00edtor Ribeiro<\/p>\n<p>Ano de edi\u00e7\u00e3o: 2000<\/p>\n<p>Editor: Edi\u00e7\u00f5es 70, Lda. Lisboa<\/p>\n<p>Idioma: Portugu\u00eas<\/p>\n<p>Dimens\u00f5es: 15.5 x 1.5 x 23.5<\/p>\n<p>Encaderna\u00e7\u00e3o: capa mole<\/p>\n<p>P\u00e1ginas: 269<\/p>\n","protected":false},"excerpt":{"rendered":"<p>DEUS E A NOVA F\u00cdSICA \u2013 Paul Davies Tradu\u00e7\u00e3o de V\u00edtor Ribeiro Ano de edi\u00e7\u00e3o: 2000 Editor: Edi\u00e7\u00f5es 70, Lda. Lisboa Idioma: Portugu\u00eas Dimens\u00f5es: 15.5 x 1.5 x 23.5 Encaderna\u00e7\u00e3o: capa mole P\u00e1ginas: 269<\/p>\n","protected":false},"featured_media":4245,"comment_status":"open","ping_status":"closed","template":"","meta":{"om_disable_all_campaigns":false,"_monsterinsights_skip_tracking":false,"_monsterinsights_sitenote_active":false,"_monsterinsights_sitenote_note":"","_monsterinsights_sitenote_category":0,"_uf_show_specific_survey":0,"_uf_disable_surveys":false},"product_cat":[32,31,33,29],"product_tag":[],"aioseo_notices":[],"jetpack_sharing_enabled":true,"_links":{"self":[{"href":"https:\/\/casadolivreiro.pt\/index.php\/wp-json\/wp\/v2\/product\/4244"}],"collection":[{"href":"https:\/\/casadolivreiro.pt\/index.php\/wp-json\/wp\/v2\/product"}],"about":[{"href":"https:\/\/casadolivreiro.pt\/index.php\/wp-json\/wp\/v2\/types\/product"}],"replies":[{"embeddable":true,"href":"https:\/\/casadolivreiro.pt\/index.php\/wp-json\/wp\/v2\/comments?post=4244"}],"wp:featuredmedia":[{"embeddable":true,"href":"https:\/\/casadolivreiro.pt\/index.php\/wp-json\/wp\/v2\/media\/4245"}],"wp:attachment":[{"href":"https:\/\/casadolivreiro.pt\/index.php\/wp-json\/wp\/v2\/media?parent=4244"}],"wp:term":[{"taxonomy":"product_cat","embeddable":true,"href":"https:\/\/casadolivreiro.pt\/index.php\/wp-json\/wp\/v2\/product_cat?post=4244"},{"taxonomy":"product_tag","embeddable":true,"href":"https:\/\/casadolivreiro.pt\/index.php\/wp-json\/wp\/v2\/product_tag?post=4244"}],"curies":[{"name":"wp","href":"https:\/\/api.w.org\/{rel}","templated":true}]}}