{"id":4242,"date":"2025-04-07T15:52:33","date_gmt":"2025-04-07T15:52:33","guid":{"rendered":"https:\/\/casadolivreiro.pt\/?post_type=product&#038;p=4242"},"modified":"2025-04-07T15:52:33","modified_gmt":"2025-04-07T15:52:33","slug":"carta-de-jesus-ao-papa-fernando-sanchez-drago","status":"publish","type":"product","link":"https:\/\/casadolivreiro.pt\/index.php\/product\/carta-de-jesus-ao-papa-fernando-sanchez-drago\/","title":{"rendered":"CARTA DE JESUS AO PAPA \u2013 Fernando S\u00e1nchez Drag\u00f3"},"content":{"rendered":"<p>CARTA DE JESUS AO PAPA \u2013 Fernando S\u00e1nchez Drag\u00f3<\/p>\n<p>Tradu\u00e7\u00e3o de Magda Bigotte de Figueiredo<\/p>\n<p>Ano de edi\u00e7\u00e3o: 2003, 1.\u00aa edi\u00e7\u00e3o<\/p>\n<p>Editor: Dom Quixote<\/p>\n<p>Idioma: Portugu\u00eas<\/p>\n<p>Dimens\u00f5es: 16 x 1.6 x 23.5<\/p>\n<p>Encaderna\u00e7\u00e3o: capa mole<\/p>\n<p>P\u00e1ginas: 291<\/p>\n","protected":false},"excerpt":{"rendered":"<p>CARTA DE JESUS AO PAPA \u2013 Fernando S\u00e1nchez Drag\u00f3 Tradu\u00e7\u00e3o de Magda Bigotte de Figueiredo Ano de edi\u00e7\u00e3o: 2003, 1.\u00aa edi\u00e7\u00e3o Editor: Dom Quixote Idioma: Portugu\u00eas Dimens\u00f5es: 16 x 1.6 x 23.5 Encaderna\u00e7\u00e3o: capa mole P\u00e1ginas: 291<\/p>\n","protected":false},"featured_media":4243,"comment_status":"open","ping_status":"closed","template":"","meta":{"om_disable_all_campaigns":false,"_monsterinsights_skip_tracking":false,"_monsterinsights_sitenote_active":false,"_monsterinsights_sitenote_note":"","_monsterinsights_sitenote_category":0,"_uf_show_specific_survey":0,"_uf_disable_surveys":false},"product_cat":[33],"product_tag":[],"aioseo_notices":[],"jetpack_sharing_enabled":true,"_links":{"self":[{"href":"https:\/\/casadolivreiro.pt\/index.php\/wp-json\/wp\/v2\/product\/4242"}],"collection":[{"href":"https:\/\/casadolivreiro.pt\/index.php\/wp-json\/wp\/v2\/product"}],"about":[{"href":"https:\/\/casadolivreiro.pt\/index.php\/wp-json\/wp\/v2\/types\/product"}],"replies":[{"embeddable":true,"href":"https:\/\/casadolivreiro.pt\/index.php\/wp-json\/wp\/v2\/comments?post=4242"}],"wp:featuredmedia":[{"embeddable":true,"href":"https:\/\/casadolivreiro.pt\/index.php\/wp-json\/wp\/v2\/media\/4243"}],"wp:attachment":[{"href":"https:\/\/casadolivreiro.pt\/index.php\/wp-json\/wp\/v2\/media?parent=4242"}],"wp:term":[{"taxonomy":"product_cat","embeddable":true,"href":"https:\/\/casadolivreiro.pt\/index.php\/wp-json\/wp\/v2\/product_cat?post=4242"},{"taxonomy":"product_tag","embeddable":true,"href":"https:\/\/casadolivreiro.pt\/index.php\/wp-json\/wp\/v2\/product_tag?post=4242"}],"curies":[{"name":"wp","href":"https:\/\/api.w.org\/{rel}","templated":true}]}}