{"id":4238,"date":"2025-04-07T15:31:23","date_gmt":"2025-04-07T15:31:23","guid":{"rendered":"https:\/\/casadolivreiro.pt\/?post_type=product&#038;p=4238"},"modified":"2025-04-07T15:31:23","modified_gmt":"2025-04-07T15:31:23","slug":"deus-um-itinerario-regis-debray","status":"publish","type":"product","link":"https:\/\/casadolivreiro.pt\/index.php\/product\/deus-um-itinerario-regis-debray\/","title":{"rendered":"DEUS: UM ITINER\u00c1RIO \u2013 R\u00e9gis Debray"},"content":{"rendered":"<p>DEUS: UM ITINER\u00c1RIO \u2013 R\u00e9gis Debray<\/p>\n<p>Materiais para a hist\u00f3ria do Eterno no Ocidente<\/p>\n<p>Tradu\u00e7\u00e3o de Lurdes J\u00fadice<\/p>\n<p>Ano de edi\u00e7\u00e3o: 2002, 1.\u00aa edi\u00e7\u00e3o<\/p>\n<p>Editor: Ambar, Porto<\/p>\n<p>Idioma: Portugu\u00eas<\/p>\n<p>Dimens\u00f5es: 18.5 x 3.3 x 24<\/p>\n<p>Encaderna\u00e7\u00e3o: capa mole<\/p>\n<p>P\u00e1ginas: 396<\/p>\n","protected":false},"excerpt":{"rendered":"<p>DEUS: UM ITINER\u00c1RIO \u2013 R\u00e9gis Debray Materiais para a hist\u00f3ria do Eterno no Ocidente Tradu\u00e7\u00e3o de Lurdes J\u00fadice Ano de edi\u00e7\u00e3o: 2002, 1.\u00aa edi\u00e7\u00e3o Editor: Ambar, Porto Idioma: Portugu\u00eas Dimens\u00f5es: 18.5 x 3.3 x 24 Encaderna\u00e7\u00e3o: capa mole P\u00e1ginas: 396<\/p>\n","protected":false},"featured_media":4239,"comment_status":"open","ping_status":"closed","template":"","meta":{"om_disable_all_campaigns":false,"_monsterinsights_skip_tracking":false,"_monsterinsights_sitenote_active":false,"_monsterinsights_sitenote_note":"","_monsterinsights_sitenote_category":0,"_uf_show_specific_survey":0,"_uf_disable_surveys":false},"product_cat":[33,30],"product_tag":[],"aioseo_notices":[],"jetpack_sharing_enabled":true,"_links":{"self":[{"href":"https:\/\/casadolivreiro.pt\/index.php\/wp-json\/wp\/v2\/product\/4238"}],"collection":[{"href":"https:\/\/casadolivreiro.pt\/index.php\/wp-json\/wp\/v2\/product"}],"about":[{"href":"https:\/\/casadolivreiro.pt\/index.php\/wp-json\/wp\/v2\/types\/product"}],"replies":[{"embeddable":true,"href":"https:\/\/casadolivreiro.pt\/index.php\/wp-json\/wp\/v2\/comments?post=4238"}],"wp:featuredmedia":[{"embeddable":true,"href":"https:\/\/casadolivreiro.pt\/index.php\/wp-json\/wp\/v2\/media\/4239"}],"wp:attachment":[{"href":"https:\/\/casadolivreiro.pt\/index.php\/wp-json\/wp\/v2\/media?parent=4238"}],"wp:term":[{"taxonomy":"product_cat","embeddable":true,"href":"https:\/\/casadolivreiro.pt\/index.php\/wp-json\/wp\/v2\/product_cat?post=4238"},{"taxonomy":"product_tag","embeddable":true,"href":"https:\/\/casadolivreiro.pt\/index.php\/wp-json\/wp\/v2\/product_tag?post=4238"}],"curies":[{"name":"wp","href":"https:\/\/api.w.org\/{rel}","templated":true}]}}