{"id":4232,"date":"2025-04-07T14:59:35","date_gmt":"2025-04-07T14:59:35","guid":{"rendered":"https:\/\/casadolivreiro.pt\/?post_type=product&#038;p=4232"},"modified":"2025-04-07T14:59:36","modified_gmt":"2025-04-07T14:59:36","slug":"antologia-de-sermoes-pe-antonio-vieira","status":"publish","type":"product","link":"https:\/\/casadolivreiro.pt\/index.php\/product\/antologia-de-sermoes-pe-antonio-vieira\/","title":{"rendered":"ANTOLOGIA DE SERM\u00d5ES \u2013 Pe. Ant\u00f3nio Vieira"},"content":{"rendered":"<p>ANTOLOGIA DE SERM\u00d5ES \u2013 P.e Ant\u00f3nio Vieira<\/p>\n<p>Ano de edi\u00e7\u00e3o: 1947<\/p>\n<p>Editor: Editora Educa\u00e7\u00e3o Nacional<\/p>\n<p>Idioma: Portugu\u00eas<\/p>\n<p>Dimens\u00f5es: 11.8 x 2 x 18.5<\/p>\n<p>Encaderna\u00e7\u00e3o: capa mole<\/p>\n<p>P\u00e1ginas: 284<\/p>\n","protected":false},"excerpt":{"rendered":"<p>ANTOLOGIA DE SERM\u00d5ES \u2013 P.e Ant\u00f3nio Vieira Ano de edi\u00e7\u00e3o: 1947 Editor: Editora Educa\u00e7\u00e3o Nacional Idioma: Portugu\u00eas Dimens\u00f5es: 11.8 x 2 x 18.5 Encaderna\u00e7\u00e3o: capa mole P\u00e1ginas: 284<\/p>\n","protected":false},"featured_media":4233,"comment_status":"open","ping_status":"closed","template":"","meta":{"om_disable_all_campaigns":false,"_monsterinsights_skip_tracking":false,"_monsterinsights_sitenote_active":false,"_monsterinsights_sitenote_note":"","_monsterinsights_sitenote_category":0,"_uf_show_specific_survey":0,"_uf_disable_surveys":false},"product_cat":[33],"product_tag":[],"aioseo_notices":[],"jetpack_sharing_enabled":true,"_links":{"self":[{"href":"https:\/\/casadolivreiro.pt\/index.php\/wp-json\/wp\/v2\/product\/4232"}],"collection":[{"href":"https:\/\/casadolivreiro.pt\/index.php\/wp-json\/wp\/v2\/product"}],"about":[{"href":"https:\/\/casadolivreiro.pt\/index.php\/wp-json\/wp\/v2\/types\/product"}],"replies":[{"embeddable":true,"href":"https:\/\/casadolivreiro.pt\/index.php\/wp-json\/wp\/v2\/comments?post=4232"}],"wp:featuredmedia":[{"embeddable":true,"href":"https:\/\/casadolivreiro.pt\/index.php\/wp-json\/wp\/v2\/media\/4233"}],"wp:attachment":[{"href":"https:\/\/casadolivreiro.pt\/index.php\/wp-json\/wp\/v2\/media?parent=4232"}],"wp:term":[{"taxonomy":"product_cat","embeddable":true,"href":"https:\/\/casadolivreiro.pt\/index.php\/wp-json\/wp\/v2\/product_cat?post=4232"},{"taxonomy":"product_tag","embeddable":true,"href":"https:\/\/casadolivreiro.pt\/index.php\/wp-json\/wp\/v2\/product_tag?post=4232"}],"curies":[{"name":"wp","href":"https:\/\/api.w.org\/{rel}","templated":true}]}}