{"id":4227,"date":"2025-04-07T14:37:32","date_gmt":"2025-04-07T14:37:32","guid":{"rendered":"https:\/\/casadolivreiro.pt\/?post_type=product&#038;p=4227"},"modified":"2025-04-07T14:37:32","modified_gmt":"2025-04-07T14:37:32","slug":"pensamentos-de-vida-e-de-felicidade-maria-odete-fleig","status":"publish","type":"product","link":"https:\/\/casadolivreiro.pt\/index.php\/product\/pensamentos-de-vida-e-de-felicidade-maria-odete-fleig\/","title":{"rendered":"PENSAMENTOS DE VIDA E DE FELICIDADE \u2013 Maria Odete Fleig"},"content":{"rendered":"<p>PENSAMENTOS DE VIDA E DE FELICIDADE \u2013 Maria Odete Fleig<\/p>\n<p>Ano de edi\u00e7\u00e3o: 1984, 9\u00aa edi\u00e7\u00e3o<\/p>\n<p>Editor: Livraria Editora D. da Mente, santa Maria<\/p>\n<p>Idioma: Portugu\u00eas<\/p>\n<p>Dimens\u00f5es: 13.5 x 0.6 x 21<\/p>\n<p>Encaderna\u00e7\u00e3o: capa mole<\/p>\n<p>P\u00e1ginas: 75<\/p>\n","protected":false},"excerpt":{"rendered":"<p>PENSAMENTOS DE VIDA E DE FELICIDADE \u2013 Maria Odete Fleig Ano de edi\u00e7\u00e3o: 1984, 9\u00aa edi\u00e7\u00e3o Editor: Livraria Editora D. da Mente, santa Maria Idioma: Portugu\u00eas Dimens\u00f5es: 13.5 x 0.6 x 21 Encaderna\u00e7\u00e3o: capa mole P\u00e1ginas: 75<\/p>\n","protected":false},"featured_media":4229,"comment_status":"open","ping_status":"closed","template":"","meta":{"om_disable_all_campaigns":false,"_monsterinsights_skip_tracking":false,"_monsterinsights_sitenote_active":false,"_monsterinsights_sitenote_note":"","_monsterinsights_sitenote_category":0,"_uf_show_specific_survey":0,"_uf_disable_surveys":false},"product_cat":[33,30],"product_tag":[],"aioseo_notices":[],"jetpack_sharing_enabled":true,"_links":{"self":[{"href":"https:\/\/casadolivreiro.pt\/index.php\/wp-json\/wp\/v2\/product\/4227"}],"collection":[{"href":"https:\/\/casadolivreiro.pt\/index.php\/wp-json\/wp\/v2\/product"}],"about":[{"href":"https:\/\/casadolivreiro.pt\/index.php\/wp-json\/wp\/v2\/types\/product"}],"replies":[{"embeddable":true,"href":"https:\/\/casadolivreiro.pt\/index.php\/wp-json\/wp\/v2\/comments?post=4227"}],"wp:featuredmedia":[{"embeddable":true,"href":"https:\/\/casadolivreiro.pt\/index.php\/wp-json\/wp\/v2\/media\/4229"}],"wp:attachment":[{"href":"https:\/\/casadolivreiro.pt\/index.php\/wp-json\/wp\/v2\/media?parent=4227"}],"wp:term":[{"taxonomy":"product_cat","embeddable":true,"href":"https:\/\/casadolivreiro.pt\/index.php\/wp-json\/wp\/v2\/product_cat?post=4227"},{"taxonomy":"product_tag","embeddable":true,"href":"https:\/\/casadolivreiro.pt\/index.php\/wp-json\/wp\/v2\/product_tag?post=4227"}],"curies":[{"name":"wp","href":"https:\/\/api.w.org\/{rel}","templated":true}]}}