{"id":422,"date":"2024-03-11T20:48:08","date_gmt":"2024-03-11T20:48:08","guid":{"rendered":"https:\/\/casadolivreiro.pt\/?post_type=product&#038;p=422"},"modified":"2024-03-11T20:48:09","modified_gmt":"2024-03-11T20:48:09","slug":"ideias-feitas-sobre-medicina-dr-jean-michel-delaroche","status":"publish","type":"product","link":"https:\/\/casadolivreiro.pt\/index.php\/product\/ideias-feitas-sobre-medicina-dr-jean-michel-delaroche\/","title":{"rendered":"IDEIAS FEITAS SOBRE MEDICINA &#8211; Dr. Jean-Michel Delaroche"},"content":{"rendered":"<p>IDEIAS FEITAS SOBRE MEDICINA<br \/>\nDr. Jean-Michel Delaroche<br \/>\nISBN: 972-42-0308-5<br \/>\nEditor: Circulo de Leitores<br \/>\nData de Lan\u00e7amento: 1991<br \/>\nIdioma:\u00a0 Portugu\u00eas<br \/>\nDimens\u00f5es: 12 x 1.8 x 19 cm<br \/>\nEncaderna\u00e7\u00e3o: Capa dura<br \/>\nP\u00e1ginas: 260<\/p>\n","protected":false},"excerpt":{"rendered":"<p>IDEIAS FEITAS SOBRE MEDICINA Dr. Jean-Michel Delaroche ISBN: 972-42-0308-5 Editor: Circulo de Leitores Data de Lan\u00e7amento: 1991 Idioma:\u00a0 Portugu\u00eas Dimens\u00f5es: 12 x 1.8 x 19 cm Encaderna\u00e7\u00e3o: Capa dura P\u00e1ginas: 260<\/p>\n","protected":false},"featured_media":423,"comment_status":"open","ping_status":"closed","template":"","meta":{"om_disable_all_campaigns":false,"_monsterinsights_skip_tracking":false,"_monsterinsights_sitenote_active":false,"_monsterinsights_sitenote_note":"","_monsterinsights_sitenote_category":0,"_uf_show_specific_survey":0,"_uf_disable_surveys":false},"product_cat":[32,43],"product_tag":[],"aioseo_notices":[],"jetpack_sharing_enabled":true,"_links":{"self":[{"href":"https:\/\/casadolivreiro.pt\/index.php\/wp-json\/wp\/v2\/product\/422"}],"collection":[{"href":"https:\/\/casadolivreiro.pt\/index.php\/wp-json\/wp\/v2\/product"}],"about":[{"href":"https:\/\/casadolivreiro.pt\/index.php\/wp-json\/wp\/v2\/types\/product"}],"replies":[{"embeddable":true,"href":"https:\/\/casadolivreiro.pt\/index.php\/wp-json\/wp\/v2\/comments?post=422"}],"wp:featuredmedia":[{"embeddable":true,"href":"https:\/\/casadolivreiro.pt\/index.php\/wp-json\/wp\/v2\/media\/423"}],"wp:attachment":[{"href":"https:\/\/casadolivreiro.pt\/index.php\/wp-json\/wp\/v2\/media?parent=422"}],"wp:term":[{"taxonomy":"product_cat","embeddable":true,"href":"https:\/\/casadolivreiro.pt\/index.php\/wp-json\/wp\/v2\/product_cat?post=422"},{"taxonomy":"product_tag","embeddable":true,"href":"https:\/\/casadolivreiro.pt\/index.php\/wp-json\/wp\/v2\/product_tag?post=422"}],"curies":[{"name":"wp","href":"https:\/\/api.w.org\/{rel}","templated":true}]}}