{"id":4215,"date":"2025-04-07T13:45:44","date_gmt":"2025-04-07T13:45:44","guid":{"rendered":"https:\/\/casadolivreiro.pt\/?post_type=product&#038;p=4215"},"modified":"2025-04-07T13:45:44","modified_gmt":"2025-04-07T13:45:44","slug":"o-convento-da-madre-de-deus-vinho-na-vida-do-pais-e-do-mundo-abilio-mendes-do-amaral","status":"publish","type":"product","link":"https:\/\/casadolivreiro.pt\/index.php\/product\/o-convento-da-madre-de-deus-vinho-na-vida-do-pais-e-do-mundo-abilio-mendes-do-amaral\/","title":{"rendered":"O CONVENTO DA MADRE DE DEUS: VINH\u00d3 NA VIDA DO PA\u00cdS E DO MUNDO\u2013 Ab\u00edlio Mendes do Amaral"},"content":{"rendered":"<p>O CONVENTO DA MADRE DE DEUS: VINH\u00d3 NA VIDA DO PA\u00cdS E DO MUNDO \u2013 Ab\u00edlio Mendes do Amaral<\/p>\n<p>Ano de edi\u00e7\u00e3o: 1967 a 1969<\/p>\n<p>Editor: Separata do \u201cNoticias de Gouveia\u201d<\/p>\n<p>Idioma: Portugu\u00eas<\/p>\n<p>Dimens\u00f5es: 14.5 x 0.9 x 20.4cm<\/p>\n<p>Encaderna\u00e7\u00e3o: capa mole<\/p>\n<p>P\u00e1ginas: 148<\/p>\n","protected":false},"excerpt":{"rendered":"<p>O CONVENTO DA MADRE DE DEUS: VINH\u00d3 NA VIDA DO PA\u00cdS E DO MUNDO \u2013 Ab\u00edlio Mendes do Amaral Ano de edi\u00e7\u00e3o: 1967 a 1969 Editor: Separata do \u201cNoticias de Gouveia\u201d Idioma: Portugu\u00eas Dimens\u00f5es: 14.5 x 0.9 x 20.4cm Encaderna\u00e7\u00e3o: capa mole P\u00e1ginas: 148<\/p>\n","protected":false},"featured_media":4216,"comment_status":"open","ping_status":"closed","template":"","meta":{"om_disable_all_campaigns":false,"_monsterinsights_skip_tracking":false,"_monsterinsights_sitenote_active":false,"_monsterinsights_sitenote_note":"","_monsterinsights_sitenote_category":0,"_uf_show_specific_survey":0,"_uf_disable_surveys":false},"product_cat":[33],"product_tag":[],"aioseo_notices":[],"jetpack_sharing_enabled":true,"_links":{"self":[{"href":"https:\/\/casadolivreiro.pt\/index.php\/wp-json\/wp\/v2\/product\/4215"}],"collection":[{"href":"https:\/\/casadolivreiro.pt\/index.php\/wp-json\/wp\/v2\/product"}],"about":[{"href":"https:\/\/casadolivreiro.pt\/index.php\/wp-json\/wp\/v2\/types\/product"}],"replies":[{"embeddable":true,"href":"https:\/\/casadolivreiro.pt\/index.php\/wp-json\/wp\/v2\/comments?post=4215"}],"wp:featuredmedia":[{"embeddable":true,"href":"https:\/\/casadolivreiro.pt\/index.php\/wp-json\/wp\/v2\/media\/4216"}],"wp:attachment":[{"href":"https:\/\/casadolivreiro.pt\/index.php\/wp-json\/wp\/v2\/media?parent=4215"}],"wp:term":[{"taxonomy":"product_cat","embeddable":true,"href":"https:\/\/casadolivreiro.pt\/index.php\/wp-json\/wp\/v2\/product_cat?post=4215"},{"taxonomy":"product_tag","embeddable":true,"href":"https:\/\/casadolivreiro.pt\/index.php\/wp-json\/wp\/v2\/product_tag?post=4215"}],"curies":[{"name":"wp","href":"https:\/\/api.w.org\/{rel}","templated":true}]}}