{"id":4211,"date":"2025-04-07T13:05:58","date_gmt":"2025-04-07T13:05:58","guid":{"rendered":"https:\/\/casadolivreiro.pt\/?post_type=product&#038;p=4211"},"modified":"2025-04-07T13:05:58","modified_gmt":"2025-04-07T13:05:58","slug":"aquele-que-mora-nos-ceus-ri-se-deles-jose-rogerio-almeida","status":"publish","type":"product","link":"https:\/\/casadolivreiro.pt\/index.php\/product\/aquele-que-mora-nos-ceus-ri-se-deles-jose-rogerio-almeida\/","title":{"rendered":"AQUELE QUE MORA NOS C\u00c9US: Ri-se deles \u2013 Jos\u00e9 Rog\u00e9rio Almeida"},"content":{"rendered":"<p>AQUELE QUE MORA NOS C\u00c9US: Ri-se deles \u2013 Jos\u00e9 Rog\u00e9rio Almeida<\/p>\n<p>Ano de edi\u00e7\u00e3o: 2011<\/p>\n<p>Editor: Edi\u00e7\u00f5es Salesianas<\/p>\n<p>Idioma: Portugu\u00eas<\/p>\n<p>Dimens\u00f5es: 14.3 x 0.9 x 20cm<\/p>\n<p>Encaderna\u00e7\u00e3o: capa mole<\/p>\n<p>P\u00e1ginas: 132<\/p>\n","protected":false},"excerpt":{"rendered":"<p>AQUELE QUE MORA NOS C\u00c9US: Ri-se deles \u2013 Jos\u00e9 Rog\u00e9rio Almeida Ano de edi\u00e7\u00e3o: 2011 Editor: Edi\u00e7\u00f5es Salesianas Idioma: Portugu\u00eas Dimens\u00f5es: 14.3 x 0.9 x 20cm Encaderna\u00e7\u00e3o: capa mole P\u00e1ginas: 132<\/p>\n","protected":false},"featured_media":4212,"comment_status":"open","ping_status":"closed","template":"","meta":{"om_disable_all_campaigns":false,"_monsterinsights_skip_tracking":false,"_monsterinsights_sitenote_active":false,"_monsterinsights_sitenote_note":"","_monsterinsights_sitenote_category":0,"_uf_show_specific_survey":0,"_uf_disable_surveys":false},"product_cat":[33],"product_tag":[],"aioseo_notices":[],"jetpack_sharing_enabled":true,"_links":{"self":[{"href":"https:\/\/casadolivreiro.pt\/index.php\/wp-json\/wp\/v2\/product\/4211"}],"collection":[{"href":"https:\/\/casadolivreiro.pt\/index.php\/wp-json\/wp\/v2\/product"}],"about":[{"href":"https:\/\/casadolivreiro.pt\/index.php\/wp-json\/wp\/v2\/types\/product"}],"replies":[{"embeddable":true,"href":"https:\/\/casadolivreiro.pt\/index.php\/wp-json\/wp\/v2\/comments?post=4211"}],"wp:featuredmedia":[{"embeddable":true,"href":"https:\/\/casadolivreiro.pt\/index.php\/wp-json\/wp\/v2\/media\/4212"}],"wp:attachment":[{"href":"https:\/\/casadolivreiro.pt\/index.php\/wp-json\/wp\/v2\/media?parent=4211"}],"wp:term":[{"taxonomy":"product_cat","embeddable":true,"href":"https:\/\/casadolivreiro.pt\/index.php\/wp-json\/wp\/v2\/product_cat?post=4211"},{"taxonomy":"product_tag","embeddable":true,"href":"https:\/\/casadolivreiro.pt\/index.php\/wp-json\/wp\/v2\/product_tag?post=4211"}],"curies":[{"name":"wp","href":"https:\/\/api.w.org\/{rel}","templated":true}]}}