{"id":4209,"date":"2025-04-07T13:00:51","date_gmt":"2025-04-07T13:00:51","guid":{"rendered":"https:\/\/casadolivreiro.pt\/?post_type=product&#038;p=4209"},"modified":"2025-04-07T13:00:51","modified_gmt":"2025-04-07T13:00:51","slug":"fatima-aurora-do-terceiro-milenio-joao-s-cla-dias","status":"publish","type":"product","link":"https:\/\/casadolivreiro.pt\/index.php\/product\/fatima-aurora-do-terceiro-milenio-joao-s-cla-dias\/","title":{"rendered":"F\u00c1TIMA, AURORA DO TERCEIRO MIL\u00c9NIO \u2013 Jo\u00e3o S. Cl\u00e1 Dias"},"content":{"rendered":"<p>F\u00c1TIMA, AURORA DO TERCEIRO MIL\u00c9NIO \u2013 Jo\u00e3o S. Cl\u00e1 Dias<\/p>\n<p>Ano de edi\u00e7\u00e3o: 1999, 1.\u00aa edi\u00e7\u00e3o<\/p>\n<p>Editor: Centro Cultural Reconquista, Lisboa<\/p>\n<p>Idioma: Portugu\u00eas<\/p>\n<p>Dimens\u00f5es: 13.8 x 0.7 x 20cm<\/p>\n<p>Encaderna\u00e7\u00e3o: capa mole<\/p>\n<p>P\u00e1ginas: 145<\/p>\n","protected":false},"excerpt":{"rendered":"<p>F\u00c1TIMA, AURORA DO TERCEIRO MIL\u00c9NIO \u2013 Jo\u00e3o S. Cl\u00e1 Dias Ano de edi\u00e7\u00e3o: 1999, 1.\u00aa edi\u00e7\u00e3o Editor: Centro Cultural Reconquista, Lisboa Idioma: Portugu\u00eas Dimens\u00f5es: 13.8 x 0.7 x 20cm Encaderna\u00e7\u00e3o: capa mole P\u00e1ginas: 145<\/p>\n","protected":false},"featured_media":4210,"comment_status":"open","ping_status":"closed","template":"","meta":{"om_disable_all_campaigns":false,"_monsterinsights_skip_tracking":false,"_monsterinsights_sitenote_active":false,"_monsterinsights_sitenote_note":"","_monsterinsights_sitenote_category":0,"_uf_show_specific_survey":0,"_uf_disable_surveys":false},"product_cat":[33],"product_tag":[],"aioseo_notices":[],"jetpack_sharing_enabled":true,"_links":{"self":[{"href":"https:\/\/casadolivreiro.pt\/index.php\/wp-json\/wp\/v2\/product\/4209"}],"collection":[{"href":"https:\/\/casadolivreiro.pt\/index.php\/wp-json\/wp\/v2\/product"}],"about":[{"href":"https:\/\/casadolivreiro.pt\/index.php\/wp-json\/wp\/v2\/types\/product"}],"replies":[{"embeddable":true,"href":"https:\/\/casadolivreiro.pt\/index.php\/wp-json\/wp\/v2\/comments?post=4209"}],"wp:featuredmedia":[{"embeddable":true,"href":"https:\/\/casadolivreiro.pt\/index.php\/wp-json\/wp\/v2\/media\/4210"}],"wp:attachment":[{"href":"https:\/\/casadolivreiro.pt\/index.php\/wp-json\/wp\/v2\/media?parent=4209"}],"wp:term":[{"taxonomy":"product_cat","embeddable":true,"href":"https:\/\/casadolivreiro.pt\/index.php\/wp-json\/wp\/v2\/product_cat?post=4209"},{"taxonomy":"product_tag","embeddable":true,"href":"https:\/\/casadolivreiro.pt\/index.php\/wp-json\/wp\/v2\/product_tag?post=4209"}],"curies":[{"name":"wp","href":"https:\/\/api.w.org\/{rel}","templated":true}]}}