{"id":4207,"date":"2025-04-07T12:44:02","date_gmt":"2025-04-07T12:44:02","guid":{"rendered":"https:\/\/casadolivreiro.pt\/?post_type=product&#038;p=4207"},"modified":"2025-04-07T12:44:02","modified_gmt":"2025-04-07T12:44:02","slug":"igreja-universal-do-reino-de-deus-gustavo-rosa-e-jose-martins","status":"publish","type":"product","link":"https:\/\/casadolivreiro.pt\/index.php\/product\/igreja-universal-do-reino-de-deus-gustavo-rosa-e-jose-martins\/","title":{"rendered":"IGREJA UNIVERSAL DO REINO DE DEUS \u2013 Gustavo Rosa e Jos\u00e9 Martins"},"content":{"rendered":"<p>IGREJA UNIVERSAL DO REINO DE DEUS \u2013 Gustavo Rosa e Jos\u00e9 Martins<\/p>\n<p>Ano de edi\u00e7\u00e3o: 1996<\/p>\n<p>Editor: Hugin Editores, Lisboa<\/p>\n<p>Idioma: Portugu\u00eas<\/p>\n<p>Dimens\u00f5es: 14 x 1.5 x 21cm<\/p>\n<p>Encaderna\u00e7\u00e3o: capa mole<\/p>\n<p>P\u00e1ginas: 273<\/p>\n","protected":false},"excerpt":{"rendered":"<p>IGREJA UNIVERSAL DO REINO DE DEUS \u2013 Gustavo Rosa e Jos\u00e9 Martins Ano de edi\u00e7\u00e3o: 1996 Editor: Hugin Editores, Lisboa Idioma: Portugu\u00eas Dimens\u00f5es: 14 x 1.5 x 21cm Encaderna\u00e7\u00e3o: capa mole P\u00e1ginas: 273<\/p>\n","protected":false},"featured_media":4208,"comment_status":"open","ping_status":"closed","template":"","meta":{"om_disable_all_campaigns":false,"_monsterinsights_skip_tracking":false,"_monsterinsights_sitenote_active":false,"_monsterinsights_sitenote_note":"","_monsterinsights_sitenote_category":0,"_uf_show_specific_survey":0,"_uf_disable_surveys":false},"product_cat":[33],"product_tag":[],"aioseo_notices":[],"jetpack_sharing_enabled":true,"_links":{"self":[{"href":"https:\/\/casadolivreiro.pt\/index.php\/wp-json\/wp\/v2\/product\/4207"}],"collection":[{"href":"https:\/\/casadolivreiro.pt\/index.php\/wp-json\/wp\/v2\/product"}],"about":[{"href":"https:\/\/casadolivreiro.pt\/index.php\/wp-json\/wp\/v2\/types\/product"}],"replies":[{"embeddable":true,"href":"https:\/\/casadolivreiro.pt\/index.php\/wp-json\/wp\/v2\/comments?post=4207"}],"wp:featuredmedia":[{"embeddable":true,"href":"https:\/\/casadolivreiro.pt\/index.php\/wp-json\/wp\/v2\/media\/4208"}],"wp:attachment":[{"href":"https:\/\/casadolivreiro.pt\/index.php\/wp-json\/wp\/v2\/media?parent=4207"}],"wp:term":[{"taxonomy":"product_cat","embeddable":true,"href":"https:\/\/casadolivreiro.pt\/index.php\/wp-json\/wp\/v2\/product_cat?post=4207"},{"taxonomy":"product_tag","embeddable":true,"href":"https:\/\/casadolivreiro.pt\/index.php\/wp-json\/wp\/v2\/product_tag?post=4207"}],"curies":[{"name":"wp","href":"https:\/\/api.w.org\/{rel}","templated":true}]}}