{"id":4205,"date":"2025-04-07T12:09:22","date_gmt":"2025-04-07T12:09:22","guid":{"rendered":"https:\/\/casadolivreiro.pt\/?post_type=product&#038;p=4205"},"modified":"2025-04-07T12:09:22","modified_gmt":"2025-04-07T12:09:22","slug":"jesus-viveu-na-india-holger-kersten","status":"publish","type":"product","link":"https:\/\/casadolivreiro.pt\/index.php\/product\/jesus-viveu-na-india-holger-kersten\/","title":{"rendered":"JESUS VIVEU NA \u00cdNDIA \u2013 Holger Kersten"},"content":{"rendered":"<p>JESUS VIVEU NA \u00cdNDIA \u2013 Holger Kersten<\/p>\n<p>Tradu\u00e7\u00e3o de Cec\u00edlia Casas<\/p>\n<p>Ano de edi\u00e7\u00e3o: 1989<\/p>\n<p>Editor: Difus\u00e3o Cultural<\/p>\n<p>Idioma: Portugu\u00eas<\/p>\n<p>Dimens\u00f5es: 13.5 x 1.5 x 20.5cm<\/p>\n<p>Encaderna\u00e7\u00e3o: capa mole<\/p>\n<p>P\u00e1ginas: 259<\/p>\n","protected":false},"excerpt":{"rendered":"<p>JESUS VIVEU NA \u00cdNDIA \u2013 Holger Kersten Tradu\u00e7\u00e3o de Cec\u00edlia Casas Ano de edi\u00e7\u00e3o: 1989 Editor: Difus\u00e3o Cultural Idioma: Portugu\u00eas Dimens\u00f5es: 13.5 x 1.5 x 20.5cm Encaderna\u00e7\u00e3o: capa mole P\u00e1ginas: 259<\/p>\n","protected":false},"featured_media":4206,"comment_status":"open","ping_status":"closed","template":"","meta":{"om_disable_all_campaigns":false,"_monsterinsights_skip_tracking":false,"_monsterinsights_sitenote_active":false,"_monsterinsights_sitenote_note":"","_monsterinsights_sitenote_category":0,"_uf_show_specific_survey":0,"_uf_disable_surveys":false},"product_cat":[33],"product_tag":[],"aioseo_notices":[],"jetpack_sharing_enabled":true,"_links":{"self":[{"href":"https:\/\/casadolivreiro.pt\/index.php\/wp-json\/wp\/v2\/product\/4205"}],"collection":[{"href":"https:\/\/casadolivreiro.pt\/index.php\/wp-json\/wp\/v2\/product"}],"about":[{"href":"https:\/\/casadolivreiro.pt\/index.php\/wp-json\/wp\/v2\/types\/product"}],"replies":[{"embeddable":true,"href":"https:\/\/casadolivreiro.pt\/index.php\/wp-json\/wp\/v2\/comments?post=4205"}],"wp:featuredmedia":[{"embeddable":true,"href":"https:\/\/casadolivreiro.pt\/index.php\/wp-json\/wp\/v2\/media\/4206"}],"wp:attachment":[{"href":"https:\/\/casadolivreiro.pt\/index.php\/wp-json\/wp\/v2\/media?parent=4205"}],"wp:term":[{"taxonomy":"product_cat","embeddable":true,"href":"https:\/\/casadolivreiro.pt\/index.php\/wp-json\/wp\/v2\/product_cat?post=4205"},{"taxonomy":"product_tag","embeddable":true,"href":"https:\/\/casadolivreiro.pt\/index.php\/wp-json\/wp\/v2\/product_tag?post=4205"}],"curies":[{"name":"wp","href":"https:\/\/api.w.org\/{rel}","templated":true}]}}