{"id":4201,"date":"2025-04-07T11:49:56","date_gmt":"2025-04-07T11:49:56","guid":{"rendered":"https:\/\/casadolivreiro.pt\/?post_type=product&#038;p=4201"},"modified":"2025-04-07T11:49:57","modified_gmt":"2025-04-07T11:49:57","slug":"historia-de-uma-alma-santa-teresa-do-menino-jesus","status":"publish","type":"product","link":"https:\/\/casadolivreiro.pt\/index.php\/product\/historia-de-uma-alma-santa-teresa-do-menino-jesus\/","title":{"rendered":"HIST\u00d3RIA DE UMA ALMA \u2013 Santa Teresa do Menino Jesus"},"content":{"rendered":"<p>HIST\u00d3RIA DE UMA ALMA \u2013 Santa Teresa do Menino Jesus<\/p>\n<p>Tradu\u00e7\u00e3o de: Luis Maria Alves Correia, S.J.<\/p>\n<p>Ano de edi\u00e7\u00e3o: 1979<\/p>\n<p>Editor: Livraria Apostolado da Imprensa<\/p>\n<p>Idioma: Portugu\u00eas<\/p>\n<p>Dimens\u00f5es: 14.2 x 2 x 21cm<\/p>\n<p>Encaderna\u00e7\u00e3o: capa mole<\/p>\n<p>P\u00e1ginas: 409<\/p>\n","protected":false},"excerpt":{"rendered":"<p>HIST\u00d3RIA DE UMA ALMA \u2013 Santa Teresa do Menino Jesus Tradu\u00e7\u00e3o de: Luis Maria Alves Correia, S.J. Ano de edi\u00e7\u00e3o: 1979 Editor: Livraria Apostolado da Imprensa Idioma: Portugu\u00eas Dimens\u00f5es: 14.2 x 2 x 21cm Encaderna\u00e7\u00e3o: capa mole P\u00e1ginas: 409<\/p>\n","protected":false},"featured_media":4202,"comment_status":"open","ping_status":"closed","template":"","meta":{"om_disable_all_campaigns":false,"_monsterinsights_skip_tracking":false,"_monsterinsights_sitenote_active":false,"_monsterinsights_sitenote_note":"","_monsterinsights_sitenote_category":0,"_uf_show_specific_survey":0,"_uf_disable_surveys":false},"product_cat":[33],"product_tag":[],"aioseo_notices":[],"jetpack_sharing_enabled":true,"_links":{"self":[{"href":"https:\/\/casadolivreiro.pt\/index.php\/wp-json\/wp\/v2\/product\/4201"}],"collection":[{"href":"https:\/\/casadolivreiro.pt\/index.php\/wp-json\/wp\/v2\/product"}],"about":[{"href":"https:\/\/casadolivreiro.pt\/index.php\/wp-json\/wp\/v2\/types\/product"}],"replies":[{"embeddable":true,"href":"https:\/\/casadolivreiro.pt\/index.php\/wp-json\/wp\/v2\/comments?post=4201"}],"wp:featuredmedia":[{"embeddable":true,"href":"https:\/\/casadolivreiro.pt\/index.php\/wp-json\/wp\/v2\/media\/4202"}],"wp:attachment":[{"href":"https:\/\/casadolivreiro.pt\/index.php\/wp-json\/wp\/v2\/media?parent=4201"}],"wp:term":[{"taxonomy":"product_cat","embeddable":true,"href":"https:\/\/casadolivreiro.pt\/index.php\/wp-json\/wp\/v2\/product_cat?post=4201"},{"taxonomy":"product_tag","embeddable":true,"href":"https:\/\/casadolivreiro.pt\/index.php\/wp-json\/wp\/v2\/product_tag?post=4201"}],"curies":[{"name":"wp","href":"https:\/\/api.w.org\/{rel}","templated":true}]}}