{"id":4192,"date":"2025-04-03T19:12:47","date_gmt":"2025-04-03T19:12:47","guid":{"rendered":"https:\/\/casadolivreiro.pt\/?post_type=product&#038;p=4192"},"modified":"2026-01-11T16:01:57","modified_gmt":"2026-01-11T16:01:57","slug":"o-livro-de-mormon-um-outro-testamento-de-jesus-cristo","status":"publish","type":"product","link":"https:\/\/casadolivreiro.pt\/index.php\/product\/o-livro-de-mormon-um-outro-testamento-de-jesus-cristo\/","title":{"rendered":"O LIVRO DE M\u00d3RMON: Um Outro Testamento de Jesus Cristo"},"content":{"rendered":"<p>O LIVRO DE M\u00d3RMON: Um Outro Testamento de Jesus Cristo<\/p>\n<p>Ano de edi\u00e7\u00e3o: 1984<\/p>\n<p>Editor: Igreja de Jesus Cristo dos Santos dos \u00daltimos Dias, Lisboa<\/p>\n<p>Idioma: Portugu\u00eas<\/p>\n<p>Dimens\u00f5es: 12 x 3 x 18.5cm<\/p>\n<p>Encaderna\u00e7\u00e3o: capa dura<\/p>\n<p>P\u00e1ginas: 685<\/p>\n","protected":false},"excerpt":{"rendered":"<p>O LIVRO DE M\u00d3RMON: Um Outro Testamento de Jesus Cristo Ano de edi\u00e7\u00e3o: 1984 Editor: Igreja de Jesus Cristo dos Santos dos \u00daltimos Dias, Lisboa Idioma: Portugu\u00eas Dimens\u00f5es: 12 x 3 x 18.5cm Encaderna\u00e7\u00e3o: capa dura P\u00e1ginas: 685<\/p>\n","protected":false},"featured_media":4193,"comment_status":"open","ping_status":"closed","template":"","meta":{"om_disable_all_campaigns":false,"_monsterinsights_skip_tracking":false,"_monsterinsights_sitenote_active":false,"_monsterinsights_sitenote_note":"","_monsterinsights_sitenote_category":0,"_uf_show_specific_survey":0,"_uf_disable_surveys":false},"product_cat":[33],"product_tag":[],"aioseo_notices":[],"jetpack_sharing_enabled":true,"_links":{"self":[{"href":"https:\/\/casadolivreiro.pt\/index.php\/wp-json\/wp\/v2\/product\/4192"}],"collection":[{"href":"https:\/\/casadolivreiro.pt\/index.php\/wp-json\/wp\/v2\/product"}],"about":[{"href":"https:\/\/casadolivreiro.pt\/index.php\/wp-json\/wp\/v2\/types\/product"}],"replies":[{"embeddable":true,"href":"https:\/\/casadolivreiro.pt\/index.php\/wp-json\/wp\/v2\/comments?post=4192"}],"wp:featuredmedia":[{"embeddable":true,"href":"https:\/\/casadolivreiro.pt\/index.php\/wp-json\/wp\/v2\/media\/4193"}],"wp:attachment":[{"href":"https:\/\/casadolivreiro.pt\/index.php\/wp-json\/wp\/v2\/media?parent=4192"}],"wp:term":[{"taxonomy":"product_cat","embeddable":true,"href":"https:\/\/casadolivreiro.pt\/index.php\/wp-json\/wp\/v2\/product_cat?post=4192"},{"taxonomy":"product_tag","embeddable":true,"href":"https:\/\/casadolivreiro.pt\/index.php\/wp-json\/wp\/v2\/product_tag?post=4192"}],"curies":[{"name":"wp","href":"https:\/\/api.w.org\/{rel}","templated":true}]}}