{"id":4190,"date":"2025-04-03T19:06:10","date_gmt":"2025-04-03T19:06:10","guid":{"rendered":"https:\/\/casadolivreiro.pt\/?post_type=product&#038;p=4190"},"modified":"2025-04-03T19:06:10","modified_gmt":"2025-04-03T19:06:10","slug":"novo-testamento","status":"publish","type":"product","link":"https:\/\/casadolivreiro.pt\/index.php\/product\/novo-testamento\/","title":{"rendered":"NOVO TESTAMENTO"},"content":{"rendered":"<p>NOVO TESTAMENTO<\/p>\n<p>Ano de edi\u00e7\u00e3o: 1999<\/p>\n<p>Editor: Editorial Miss\u00f5es<\/p>\n<p>Idioma: Portugu\u00eas<\/p>\n<p>Dimens\u00f5es: 12 x 2.1 x 17cm<\/p>\n<p>Encaderna\u00e7\u00e3o: capa mole<\/p>\n<p>P\u00e1ginas: 502<\/p>\n","protected":false},"excerpt":{"rendered":"<p>NOVO TESTAMENTO Ano de edi\u00e7\u00e3o: 1999 Editor: Editorial Miss\u00f5es Idioma: Portugu\u00eas Dimens\u00f5es: 12 x 2.1 x 17cm Encaderna\u00e7\u00e3o: capa mole P\u00e1ginas: 502<\/p>\n","protected":false},"featured_media":4191,"comment_status":"open","ping_status":"closed","template":"","meta":{"om_disable_all_campaigns":false,"_monsterinsights_skip_tracking":false,"_monsterinsights_sitenote_active":false,"_monsterinsights_sitenote_note":"","_monsterinsights_sitenote_category":0,"_uf_show_specific_survey":0,"_uf_disable_surveys":false},"product_cat":[33],"product_tag":[],"aioseo_notices":[],"jetpack_sharing_enabled":true,"_links":{"self":[{"href":"https:\/\/casadolivreiro.pt\/index.php\/wp-json\/wp\/v2\/product\/4190"}],"collection":[{"href":"https:\/\/casadolivreiro.pt\/index.php\/wp-json\/wp\/v2\/product"}],"about":[{"href":"https:\/\/casadolivreiro.pt\/index.php\/wp-json\/wp\/v2\/types\/product"}],"replies":[{"embeddable":true,"href":"https:\/\/casadolivreiro.pt\/index.php\/wp-json\/wp\/v2\/comments?post=4190"}],"wp:featuredmedia":[{"embeddable":true,"href":"https:\/\/casadolivreiro.pt\/index.php\/wp-json\/wp\/v2\/media\/4191"}],"wp:attachment":[{"href":"https:\/\/casadolivreiro.pt\/index.php\/wp-json\/wp\/v2\/media?parent=4190"}],"wp:term":[{"taxonomy":"product_cat","embeddable":true,"href":"https:\/\/casadolivreiro.pt\/index.php\/wp-json\/wp\/v2\/product_cat?post=4190"},{"taxonomy":"product_tag","embeddable":true,"href":"https:\/\/casadolivreiro.pt\/index.php\/wp-json\/wp\/v2\/product_tag?post=4190"}],"curies":[{"name":"wp","href":"https:\/\/api.w.org\/{rel}","templated":true}]}}