{"id":419,"date":"2024-03-11T20:44:57","date_gmt":"2024-03-11T20:44:57","guid":{"rendered":"https:\/\/casadolivreiro.pt\/?post_type=product&#038;p=419"},"modified":"2024-03-11T20:44:57","modified_gmt":"2024-03-11T20:44:57","slug":"los-misterios-del-kremlin-victor-alexandrov","status":"publish","type":"product","link":"https:\/\/casadolivreiro.pt\/index.php\/product\/los-misterios-del-kremlin-victor-alexandrov\/","title":{"rendered":"LOS MISTERIOS DEL KREMLIN &#8211; Victor Alexandrov"},"content":{"rendered":"<p>LOS MISTERIOS DEL KREMLIN<br \/>\nVictor Alexandrov<br \/>\nISBN: 84-01-41028-2<br \/>\nEditor: Plaza &amp; Janes, Barcelona<br \/>\nData de Lan\u00e7amento: 1973<br \/>\nIdioma:\u00a0 Espanhol<br \/>\nDimens\u00f5es: 10 x 3.4 x 18 cm<br \/>\nEncaderna\u00e7\u00e3o: Capa mole<br \/>\nP\u00e1ginas: 638<\/p>\n","protected":false},"excerpt":{"rendered":"<p>LOS MISTERIOS DEL KREMLIN Victor Alexandrov ISBN: 84-01-41028-2 Editor: Plaza &amp; Janes, Barcelona Data de Lan\u00e7amento: 1973 Idioma:\u00a0 Espanhol Dimens\u00f5es: 10 x 3.4 x 18 cm Encaderna\u00e7\u00e3o: Capa mole P\u00e1ginas: 638<\/p>\n","protected":false},"featured_media":421,"comment_status":"open","ping_status":"closed","template":"","meta":{"om_disable_all_campaigns":false,"_monsterinsights_skip_tracking":false,"_monsterinsights_sitenote_active":false,"_monsterinsights_sitenote_note":"","_monsterinsights_sitenote_category":0,"_uf_show_specific_survey":0,"_uf_disable_surveys":false},"product_cat":[30,57,44,51],"product_tag":[],"aioseo_notices":[],"jetpack_sharing_enabled":true,"_links":{"self":[{"href":"https:\/\/casadolivreiro.pt\/index.php\/wp-json\/wp\/v2\/product\/419"}],"collection":[{"href":"https:\/\/casadolivreiro.pt\/index.php\/wp-json\/wp\/v2\/product"}],"about":[{"href":"https:\/\/casadolivreiro.pt\/index.php\/wp-json\/wp\/v2\/types\/product"}],"replies":[{"embeddable":true,"href":"https:\/\/casadolivreiro.pt\/index.php\/wp-json\/wp\/v2\/comments?post=419"}],"wp:featuredmedia":[{"embeddable":true,"href":"https:\/\/casadolivreiro.pt\/index.php\/wp-json\/wp\/v2\/media\/421"}],"wp:attachment":[{"href":"https:\/\/casadolivreiro.pt\/index.php\/wp-json\/wp\/v2\/media?parent=419"}],"wp:term":[{"taxonomy":"product_cat","embeddable":true,"href":"https:\/\/casadolivreiro.pt\/index.php\/wp-json\/wp\/v2\/product_cat?post=419"},{"taxonomy":"product_tag","embeddable":true,"href":"https:\/\/casadolivreiro.pt\/index.php\/wp-json\/wp\/v2\/product_tag?post=419"}],"curies":[{"name":"wp","href":"https:\/\/api.w.org\/{rel}","templated":true}]}}