{"id":4188,"date":"2025-04-03T18:59:08","date_gmt":"2025-04-03T18:59:08","guid":{"rendered":"https:\/\/casadolivreiro.pt\/?post_type=product&#038;p=4188"},"modified":"2025-04-03T18:59:08","modified_gmt":"2025-04-03T18:59:08","slug":"o-evangelho-de-jesus","status":"publish","type":"product","link":"https:\/\/casadolivreiro.pt\/index.php\/product\/o-evangelho-de-jesus\/","title":{"rendered":"O EVANGELHO DE JESUS"},"content":{"rendered":"<p>O EVANGELHO DE JESUS<\/p>\n<p>Tradu\u00e7\u00e3o: Pe. Jos\u00e9 Dias Goulart<\/p>\n<p>Ano de edi\u00e7\u00e3o: 1971<\/p>\n<p>Editor: Edi\u00e7\u00f5es Paulinas<\/p>\n<p>Idioma: Portugu\u00eas<\/p>\n<p>Dimens\u00f5es: 11.8 x 2.2 x 16.9cm<\/p>\n<p>Encaderna\u00e7\u00e3o: capa mole<\/p>\n<p>P\u00e1ginas: 407<\/p>\n","protected":false},"excerpt":{"rendered":"<p>O EVANGELHO DE JESUS Tradu\u00e7\u00e3o: Pe. Jos\u00e9 Dias Goulart Ano de edi\u00e7\u00e3o: 1971 Editor: Edi\u00e7\u00f5es Paulinas Idioma: Portugu\u00eas Dimens\u00f5es: 11.8 x 2.2 x 16.9cm Encaderna\u00e7\u00e3o: capa mole P\u00e1ginas: 407<\/p>\n","protected":false},"featured_media":4189,"comment_status":"open","ping_status":"closed","template":"","meta":{"om_disable_all_campaigns":false,"_monsterinsights_skip_tracking":false,"_monsterinsights_sitenote_active":false,"_monsterinsights_sitenote_note":"","_monsterinsights_sitenote_category":0,"_uf_show_specific_survey":0,"_uf_disable_surveys":false},"product_cat":[33],"product_tag":[],"aioseo_notices":[],"jetpack_sharing_enabled":true,"_links":{"self":[{"href":"https:\/\/casadolivreiro.pt\/index.php\/wp-json\/wp\/v2\/product\/4188"}],"collection":[{"href":"https:\/\/casadolivreiro.pt\/index.php\/wp-json\/wp\/v2\/product"}],"about":[{"href":"https:\/\/casadolivreiro.pt\/index.php\/wp-json\/wp\/v2\/types\/product"}],"replies":[{"embeddable":true,"href":"https:\/\/casadolivreiro.pt\/index.php\/wp-json\/wp\/v2\/comments?post=4188"}],"wp:featuredmedia":[{"embeddable":true,"href":"https:\/\/casadolivreiro.pt\/index.php\/wp-json\/wp\/v2\/media\/4189"}],"wp:attachment":[{"href":"https:\/\/casadolivreiro.pt\/index.php\/wp-json\/wp\/v2\/media?parent=4188"}],"wp:term":[{"taxonomy":"product_cat","embeddable":true,"href":"https:\/\/casadolivreiro.pt\/index.php\/wp-json\/wp\/v2\/product_cat?post=4188"},{"taxonomy":"product_tag","embeddable":true,"href":"https:\/\/casadolivreiro.pt\/index.php\/wp-json\/wp\/v2\/product_tag?post=4188"}],"curies":[{"name":"wp","href":"https:\/\/api.w.org\/{rel}","templated":true}]}}