{"id":4186,"date":"2025-04-03T18:41:11","date_gmt":"2025-04-03T18:41:11","guid":{"rendered":"https:\/\/casadolivreiro.pt\/?post_type=product&#038;p=4186"},"modified":"2026-01-11T15:38:36","modified_gmt":"2026-01-11T15:38:36","slug":"o-livro-nele-esta-a-vida-eterna-e-essa-vida-da-luz-a-toda-a-humanidade","status":"publish","type":"product","link":"https:\/\/casadolivreiro.pt\/index.php\/product\/o-livro-nele-esta-a-vida-eterna-e-essa-vida-da-luz-a-toda-a-humanidade\/","title":{"rendered":"O LIVRO: Nele est\u00e1 a Vida eterna, e essa vida d\u00e1 Luz a toda a humanidade"},"content":{"rendered":"<p>O LIVRO: Nele est\u00e1 a Vida eterna, e essa vida d\u00e1 Luz a toda a humanidade<\/p>\n<p>Livros de bolso Europa-Am\u00e9rica \u2013 Grandes Obras #303<\/p>\n<p>Ano de edi\u00e7\u00e3o:<\/p>\n<p>Editor: Europa-Am\u00e9rica<\/p>\n<p>Idioma: Portugu\u00eas<\/p>\n<p>Dimens\u00f5es: 11.3 x 2 x 18cm<\/p>\n<p>Encaderna\u00e7\u00e3o: capa mole<\/p>\n<p>P\u00e1ginas: 463<\/p>\n","protected":false},"excerpt":{"rendered":"<p>O LIVRO: Nele est\u00e1 a Vida eterna, e essa vida d\u00e1 Luz a toda a humanidade Livros de bolso Europa-Am\u00e9rica \u2013 Grandes Obras #303 Ano de edi\u00e7\u00e3o: Editor: Europa-Am\u00e9rica Idioma: Portugu\u00eas Dimens\u00f5es: 11.3 x 2 x 18cm Encaderna\u00e7\u00e3o: capa mole P\u00e1ginas: 463<\/p>\n","protected":false},"featured_media":4187,"comment_status":"open","ping_status":"closed","template":"","meta":{"om_disable_all_campaigns":false,"_monsterinsights_skip_tracking":false,"_monsterinsights_sitenote_active":false,"_monsterinsights_sitenote_note":"","_monsterinsights_sitenote_category":0,"_uf_show_specific_survey":0,"_uf_disable_surveys":false},"product_cat":[33],"product_tag":[],"aioseo_notices":[],"jetpack_sharing_enabled":true,"_links":{"self":[{"href":"https:\/\/casadolivreiro.pt\/index.php\/wp-json\/wp\/v2\/product\/4186"}],"collection":[{"href":"https:\/\/casadolivreiro.pt\/index.php\/wp-json\/wp\/v2\/product"}],"about":[{"href":"https:\/\/casadolivreiro.pt\/index.php\/wp-json\/wp\/v2\/types\/product"}],"replies":[{"embeddable":true,"href":"https:\/\/casadolivreiro.pt\/index.php\/wp-json\/wp\/v2\/comments?post=4186"}],"wp:featuredmedia":[{"embeddable":true,"href":"https:\/\/casadolivreiro.pt\/index.php\/wp-json\/wp\/v2\/media\/4187"}],"wp:attachment":[{"href":"https:\/\/casadolivreiro.pt\/index.php\/wp-json\/wp\/v2\/media?parent=4186"}],"wp:term":[{"taxonomy":"product_cat","embeddable":true,"href":"https:\/\/casadolivreiro.pt\/index.php\/wp-json\/wp\/v2\/product_cat?post=4186"},{"taxonomy":"product_tag","embeddable":true,"href":"https:\/\/casadolivreiro.pt\/index.php\/wp-json\/wp\/v2\/product_tag?post=4186"}],"curies":[{"name":"wp","href":"https:\/\/api.w.org\/{rel}","templated":true}]}}