{"id":4180,"date":"2025-04-03T18:04:10","date_gmt":"2025-04-03T18:04:10","guid":{"rendered":"https:\/\/casadolivreiro.pt\/?post_type=product&#038;p=4180"},"modified":"2026-01-11T14:53:49","modified_gmt":"2026-01-11T14:53:49","slug":"traducao-do-novo-mundo-da-biblia-sagrada","status":"publish","type":"product","link":"https:\/\/casadolivreiro.pt\/index.php\/product\/traducao-do-novo-mundo-da-biblia-sagrada\/","title":{"rendered":"TRADU\u00c7\u00c3O DO NOVO MUNDO DA B\u00cdBLIA SAGRADA"},"content":{"rendered":"<p>TRADU\u00c7\u00c3O DO NOVO MUNDO DA B\u00cdBLIA SAGRADA<\/p>\n<p>Tradu\u00e7\u00e3o da vers\u00e3o inglesa de (edi\u00e7\u00e3o de 2013) mediante consulta constante ao antigo texto hebraico, aramaico e grego<\/p>\n<p>Ano de edi\u00e7\u00e3o: 2016<\/p>\n<p>Editor: WatchTower Bible and Tract Society of New York, INC.<\/p>\n<p>Idioma: Portugu\u00eas<\/p>\n<p>Dimens\u00f5es: 11 x 4 x 17.2cm<\/p>\n<p>Encaderna\u00e7\u00e3o: capa de livro em pele<\/p>\n<p>P\u00e1ginas: 1829<\/p>\n","protected":false},"excerpt":{"rendered":"<p>TRADU\u00c7\u00c3O DO NOVO MUNDO DA B\u00cdBLIA SAGRADA Tradu\u00e7\u00e3o da vers\u00e3o inglesa de (edi\u00e7\u00e3o de 2013) mediante consulta constante ao antigo texto hebraico, aramaico e grego Ano de edi\u00e7\u00e3o: 2016 Editor: WatchTower Bible and Tract Society of New York, INC. Idioma: Portugu\u00eas Dimens\u00f5es: 11 x 4 x 17.2cm Encaderna\u00e7\u00e3o: capa de livro em pele P\u00e1ginas: 1829<\/p>\n","protected":false},"featured_media":4181,"comment_status":"open","ping_status":"closed","template":"","meta":{"om_disable_all_campaigns":false,"_monsterinsights_skip_tracking":false,"_monsterinsights_sitenote_active":false,"_monsterinsights_sitenote_note":"","_monsterinsights_sitenote_category":0,"_uf_show_specific_survey":0,"_uf_disable_surveys":false},"product_cat":[33],"product_tag":[],"aioseo_notices":[],"jetpack_sharing_enabled":true,"_links":{"self":[{"href":"https:\/\/casadolivreiro.pt\/index.php\/wp-json\/wp\/v2\/product\/4180"}],"collection":[{"href":"https:\/\/casadolivreiro.pt\/index.php\/wp-json\/wp\/v2\/product"}],"about":[{"href":"https:\/\/casadolivreiro.pt\/index.php\/wp-json\/wp\/v2\/types\/product"}],"replies":[{"embeddable":true,"href":"https:\/\/casadolivreiro.pt\/index.php\/wp-json\/wp\/v2\/comments?post=4180"}],"wp:featuredmedia":[{"embeddable":true,"href":"https:\/\/casadolivreiro.pt\/index.php\/wp-json\/wp\/v2\/media\/4181"}],"wp:attachment":[{"href":"https:\/\/casadolivreiro.pt\/index.php\/wp-json\/wp\/v2\/media?parent=4180"}],"wp:term":[{"taxonomy":"product_cat","embeddable":true,"href":"https:\/\/casadolivreiro.pt\/index.php\/wp-json\/wp\/v2\/product_cat?post=4180"},{"taxonomy":"product_tag","embeddable":true,"href":"https:\/\/casadolivreiro.pt\/index.php\/wp-json\/wp\/v2\/product_tag?post=4180"}],"curies":[{"name":"wp","href":"https:\/\/api.w.org\/{rel}","templated":true}]}}