{"id":4171,"date":"2025-04-03T17:15:21","date_gmt":"2025-04-03T17:15:21","guid":{"rendered":"https:\/\/casadolivreiro.pt\/?post_type=product&#038;p=4171"},"modified":"2025-04-03T17:15:21","modified_gmt":"2025-04-03T17:15:21","slug":"a-luz-espirito-vivo-omraam-mikhael-aivanhov","status":"publish","type":"product","link":"https:\/\/casadolivreiro.pt\/index.php\/product\/a-luz-espirito-vivo-omraam-mikhael-aivanhov\/","title":{"rendered":"A LUZ, ESP\u00cdRITO VIVO \u2013 Omraam Mikha\u00ebl A\u00efvanhov"},"content":{"rendered":"<p>A LUZ, ESP\u00cdRITO VIVO \u2013 Omraam Mikha\u00ebl A\u00efvanhov<\/p>\n<p>Colec\u00e7\u00e3o Izvor #212<\/p>\n<p>Ano de edi\u00e7\u00e3o: 1983<\/p>\n<p>Editor: Edi\u00e7\u00f5es Prosveta<\/p>\n<p>Idioma: Portugu\u00eas<\/p>\n<p>Dimens\u00f5es: 11 x 0.9 x 17.8cm<\/p>\n<p>Encaderna\u00e7\u00e3o: Capa mole<\/p>\n<p>P\u00e1ginas: 134<\/p>\n","protected":false},"excerpt":{"rendered":"<p>A LUZ, ESP\u00cdRITO VIVO \u2013 Omraam Mikha\u00ebl A\u00efvanhov Colec\u00e7\u00e3o Izvor #212 Ano de edi\u00e7\u00e3o: 1983 Editor: Edi\u00e7\u00f5es Prosveta Idioma: Portugu\u00eas Dimens\u00f5es: 11 x 0.9 x 17.8cm Encaderna\u00e7\u00e3o: Capa mole P\u00e1ginas: 134<\/p>\n","protected":false},"featured_media":4172,"comment_status":"open","ping_status":"closed","template":"","meta":{"om_disable_all_campaigns":false,"_monsterinsights_skip_tracking":false,"_monsterinsights_sitenote_active":false,"_monsterinsights_sitenote_note":"","_monsterinsights_sitenote_category":0,"_uf_show_specific_survey":0,"_uf_disable_surveys":false},"product_cat":[33],"product_tag":[],"aioseo_notices":[],"jetpack_sharing_enabled":true,"_links":{"self":[{"href":"https:\/\/casadolivreiro.pt\/index.php\/wp-json\/wp\/v2\/product\/4171"}],"collection":[{"href":"https:\/\/casadolivreiro.pt\/index.php\/wp-json\/wp\/v2\/product"}],"about":[{"href":"https:\/\/casadolivreiro.pt\/index.php\/wp-json\/wp\/v2\/types\/product"}],"replies":[{"embeddable":true,"href":"https:\/\/casadolivreiro.pt\/index.php\/wp-json\/wp\/v2\/comments?post=4171"}],"wp:featuredmedia":[{"embeddable":true,"href":"https:\/\/casadolivreiro.pt\/index.php\/wp-json\/wp\/v2\/media\/4172"}],"wp:attachment":[{"href":"https:\/\/casadolivreiro.pt\/index.php\/wp-json\/wp\/v2\/media?parent=4171"}],"wp:term":[{"taxonomy":"product_cat","embeddable":true,"href":"https:\/\/casadolivreiro.pt\/index.php\/wp-json\/wp\/v2\/product_cat?post=4171"},{"taxonomy":"product_tag","embeddable":true,"href":"https:\/\/casadolivreiro.pt\/index.php\/wp-json\/wp\/v2\/product_tag?post=4171"}],"curies":[{"name":"wp","href":"https:\/\/api.w.org\/{rel}","templated":true}]}}