{"id":4164,"date":"2025-04-03T15:59:52","date_gmt":"2025-04-03T15:59:52","guid":{"rendered":"https:\/\/casadolivreiro.pt\/?post_type=product&#038;p=4164"},"modified":"2025-04-03T15:59:52","modified_gmt":"2025-04-03T15:59:52","slug":"ano-santo-da-redencao-manual","status":"publish","type":"product","link":"https:\/\/casadolivreiro.pt\/index.php\/product\/ano-santo-da-redencao-manual\/","title":{"rendered":"ANO SANTO DA REDEN\u00c7\u00c3O MANUAL"},"content":{"rendered":"<p>ANO SANTO DA REDEN\u00c7\u00c3O MANUAL<\/p>\n<p>Ano de edi\u00e7\u00e3o: 1983<\/p>\n<p>Editor: Servi\u00e7o Nacional do Ano Santo<\/p>\n<p>Idioma: Portugu\u00eas<\/p>\n<p>Dimens\u00f5es: 11.2 x 0.7 x 16.5cm<\/p>\n<p>Encaderna\u00e7\u00e3o: Capa mole<\/p>\n<p>P\u00e1ginas: 160<\/p>\n","protected":false},"excerpt":{"rendered":"<p>ANO SANTO DA REDEN\u00c7\u00c3O MANUAL Ano de edi\u00e7\u00e3o: 1983 Editor: Servi\u00e7o Nacional do Ano Santo Idioma: Portugu\u00eas Dimens\u00f5es: 11.2 x 0.7 x 16.5cm Encaderna\u00e7\u00e3o: Capa mole P\u00e1ginas: 160<\/p>\n","protected":false},"featured_media":4165,"comment_status":"open","ping_status":"closed","template":"","meta":{"om_disable_all_campaigns":false,"_monsterinsights_skip_tracking":false,"_monsterinsights_sitenote_active":false,"_monsterinsights_sitenote_note":"","_monsterinsights_sitenote_category":0,"_uf_show_specific_survey":0,"_uf_disable_surveys":false},"product_cat":[33],"product_tag":[],"aioseo_notices":[],"jetpack_sharing_enabled":true,"_links":{"self":[{"href":"https:\/\/casadolivreiro.pt\/index.php\/wp-json\/wp\/v2\/product\/4164"}],"collection":[{"href":"https:\/\/casadolivreiro.pt\/index.php\/wp-json\/wp\/v2\/product"}],"about":[{"href":"https:\/\/casadolivreiro.pt\/index.php\/wp-json\/wp\/v2\/types\/product"}],"replies":[{"embeddable":true,"href":"https:\/\/casadolivreiro.pt\/index.php\/wp-json\/wp\/v2\/comments?post=4164"}],"wp:featuredmedia":[{"embeddable":true,"href":"https:\/\/casadolivreiro.pt\/index.php\/wp-json\/wp\/v2\/media\/4165"}],"wp:attachment":[{"href":"https:\/\/casadolivreiro.pt\/index.php\/wp-json\/wp\/v2\/media?parent=4164"}],"wp:term":[{"taxonomy":"product_cat","embeddable":true,"href":"https:\/\/casadolivreiro.pt\/index.php\/wp-json\/wp\/v2\/product_cat?post=4164"},{"taxonomy":"product_tag","embeddable":true,"href":"https:\/\/casadolivreiro.pt\/index.php\/wp-json\/wp\/v2\/product_tag?post=4164"}],"curies":[{"name":"wp","href":"https:\/\/api.w.org\/{rel}","templated":true}]}}