{"id":4160,"date":"2025-04-03T15:46:29","date_gmt":"2025-04-03T15:46:29","guid":{"rendered":"https:\/\/casadolivreiro.pt\/?post_type=product&#038;p=4160"},"modified":"2025-04-03T15:46:29","modified_gmt":"2025-04-03T15:46:29","slug":"passai-um-ano-comigo-meditacoes-quotidianas-joao-paulo-ii","status":"publish","type":"product","link":"https:\/\/casadolivreiro.pt\/index.php\/product\/passai-um-ano-comigo-meditacoes-quotidianas-joao-paulo-ii\/","title":{"rendered":"PASSAI UM ANO COMIGO: medita\u00e7\u00f5es quotidianas \u2013 Jo\u00e3o Paulo II"},"content":{"rendered":"<p>PASSAI UM ANO COMIGO: medita\u00e7\u00f5es quotidianas \u2013 Jo\u00e3o Paulo II<\/p>\n<p>Ano de edi\u00e7\u00e3o: 1985<\/p>\n<p>Editor: Editorial Verbo<\/p>\n<p>Idioma: Portugu\u00eas<\/p>\n<p>Dimens\u00f5es: 10.5 x 2.2 x 16cm<\/p>\n<p>Encaderna\u00e7\u00e3o: Capa mole<\/p>\n<p>P\u00e1ginas: 358<\/p>\n","protected":false},"excerpt":{"rendered":"<p>PASSAI UM ANO COMIGO: medita\u00e7\u00f5es quotidianas \u2013 Jo\u00e3o Paulo II Ano de edi\u00e7\u00e3o: 1985 Editor: Editorial Verbo Idioma: Portugu\u00eas Dimens\u00f5es: 10.5 x 2.2 x 16cm Encaderna\u00e7\u00e3o: Capa mole P\u00e1ginas: 358<\/p>\n","protected":false},"featured_media":4161,"comment_status":"open","ping_status":"closed","template":"","meta":{"om_disable_all_campaigns":false,"_monsterinsights_skip_tracking":false,"_monsterinsights_sitenote_active":false,"_monsterinsights_sitenote_note":"","_monsterinsights_sitenote_category":0,"_uf_show_specific_survey":0,"_uf_disable_surveys":false},"product_cat":[33],"product_tag":[],"aioseo_notices":[],"jetpack_sharing_enabled":true,"_links":{"self":[{"href":"https:\/\/casadolivreiro.pt\/index.php\/wp-json\/wp\/v2\/product\/4160"}],"collection":[{"href":"https:\/\/casadolivreiro.pt\/index.php\/wp-json\/wp\/v2\/product"}],"about":[{"href":"https:\/\/casadolivreiro.pt\/index.php\/wp-json\/wp\/v2\/types\/product"}],"replies":[{"embeddable":true,"href":"https:\/\/casadolivreiro.pt\/index.php\/wp-json\/wp\/v2\/comments?post=4160"}],"wp:featuredmedia":[{"embeddable":true,"href":"https:\/\/casadolivreiro.pt\/index.php\/wp-json\/wp\/v2\/media\/4161"}],"wp:attachment":[{"href":"https:\/\/casadolivreiro.pt\/index.php\/wp-json\/wp\/v2\/media?parent=4160"}],"wp:term":[{"taxonomy":"product_cat","embeddable":true,"href":"https:\/\/casadolivreiro.pt\/index.php\/wp-json\/wp\/v2\/product_cat?post=4160"},{"taxonomy":"product_tag","embeddable":true,"href":"https:\/\/casadolivreiro.pt\/index.php\/wp-json\/wp\/v2\/product_tag?post=4160"}],"curies":[{"name":"wp","href":"https:\/\/api.w.org\/{rel}","templated":true}]}}