{"id":4158,"date":"2025-04-03T15:39:52","date_gmt":"2025-04-03T15:39:52","guid":{"rendered":"https:\/\/casadolivreiro.pt\/?post_type=product&#038;p=4158"},"modified":"2025-04-03T15:39:52","modified_gmt":"2025-04-03T15:39:52","slug":"educacao-crista-formacao-sacerdotal-vida-religiosa-documentos-conciliares-concilio-vaticano-ii","status":"publish","type":"product","link":"https:\/\/casadolivreiro.pt\/index.php\/product\/educacao-crista-formacao-sacerdotal-vida-religiosa-documentos-conciliares-concilio-vaticano-ii\/","title":{"rendered":"EDUCA\u00c7\u00c3O CRIST\u00c3, FORMA\u00c7\u00c3O SACERDOTAL, VIDA RELIGIOSA: Documentos Conciliares \u2013 Concilio Vaticano II"},"content":{"rendered":"<p>EDUCA\u00c7\u00c3O CRIST\u00c3, FORMA\u00c7\u00c3O SACERDOTAL, VIDA RELIGIOSA: Documentos Conciliares \u2013 Concilio Vaticano II<\/p>\n<p>Ano de edi\u00e7\u00e3o: 1966<\/p>\n<p>Editor: Secretariado Nacional do Apostolado da Ora\u00e7\u00e3o<\/p>\n<p>Idioma: Portugu\u00eas<\/p>\n<p>Dimens\u00f5es: 12.2 x 0.7 x 17cm<\/p>\n<p>Encaderna\u00e7\u00e3o: Capa mole<\/p>\n<p>P\u00e1ginas: 122<\/p>\n","protected":false},"excerpt":{"rendered":"<p>EDUCA\u00c7\u00c3O CRIST\u00c3, FORMA\u00c7\u00c3O SACERDOTAL, VIDA RELIGIOSA: Documentos Conciliares \u2013 Concilio Vaticano II Ano de edi\u00e7\u00e3o: 1966 Editor: Secretariado Nacional do Apostolado da Ora\u00e7\u00e3o Idioma: Portugu\u00eas Dimens\u00f5es: 12.2 x 0.7 x 17cm Encaderna\u00e7\u00e3o: Capa mole P\u00e1ginas: 122<\/p>\n","protected":false},"featured_media":4159,"comment_status":"open","ping_status":"closed","template":"","meta":{"om_disable_all_campaigns":false,"_monsterinsights_skip_tracking":false,"_monsterinsights_sitenote_active":false,"_monsterinsights_sitenote_note":"","_monsterinsights_sitenote_category":0,"_uf_show_specific_survey":0,"_uf_disable_surveys":false},"product_cat":[33],"product_tag":[],"aioseo_notices":[],"jetpack_sharing_enabled":true,"_links":{"self":[{"href":"https:\/\/casadolivreiro.pt\/index.php\/wp-json\/wp\/v2\/product\/4158"}],"collection":[{"href":"https:\/\/casadolivreiro.pt\/index.php\/wp-json\/wp\/v2\/product"}],"about":[{"href":"https:\/\/casadolivreiro.pt\/index.php\/wp-json\/wp\/v2\/types\/product"}],"replies":[{"embeddable":true,"href":"https:\/\/casadolivreiro.pt\/index.php\/wp-json\/wp\/v2\/comments?post=4158"}],"wp:featuredmedia":[{"embeddable":true,"href":"https:\/\/casadolivreiro.pt\/index.php\/wp-json\/wp\/v2\/media\/4159"}],"wp:attachment":[{"href":"https:\/\/casadolivreiro.pt\/index.php\/wp-json\/wp\/v2\/media?parent=4158"}],"wp:term":[{"taxonomy":"product_cat","embeddable":true,"href":"https:\/\/casadolivreiro.pt\/index.php\/wp-json\/wp\/v2\/product_cat?post=4158"},{"taxonomy":"product_tag","embeddable":true,"href":"https:\/\/casadolivreiro.pt\/index.php\/wp-json\/wp\/v2\/product_tag?post=4158"}],"curies":[{"name":"wp","href":"https:\/\/api.w.org\/{rel}","templated":true}]}}