{"id":4154,"date":"2025-04-03T15:21:10","date_gmt":"2025-04-03T15:21:10","guid":{"rendered":"https:\/\/casadolivreiro.pt\/?post_type=product&#038;p=4154"},"modified":"2025-04-03T15:21:10","modified_gmt":"2025-04-03T15:21:10","slug":"os-translucidos-b-r-bruss","status":"publish","type":"product","link":"https:\/\/casadolivreiro.pt\/index.php\/product\/os-translucidos-b-r-bruss\/","title":{"rendered":"OS TRANSL\u00daCIDOS \u2013 B.R. Bruss"},"content":{"rendered":"<p>OS TRANSL\u00daCIDOS \u2013 B.R. Bruss<\/p>\n<p>Tradu\u00e7\u00e3o de Fernanda Laura Costa<\/p>\n<p>Ano de edi\u00e7\u00e3o: 1977<\/p>\n<p>Editor: Circulo de leitores<\/p>\n<p>Idioma: Portugu\u00eas<\/p>\n<p>Dimens\u00f5es: 11.7 x 1 x 18.5cm<\/p>\n<p>Encaderna\u00e7\u00e3o: Capa mole<\/p>\n<p>P\u00e1ginas: 160<\/p>\n","protected":false},"excerpt":{"rendered":"<p>OS TRANSL\u00daCIDOS \u2013 B.R. Bruss Tradu\u00e7\u00e3o de Fernanda Laura Costa Ano de edi\u00e7\u00e3o: 1977 Editor: Circulo de leitores Idioma: Portugu\u00eas Dimens\u00f5es: 11.7 x 1 x 18.5cm Encaderna\u00e7\u00e3o: Capa mole P\u00e1ginas: 160<\/p>\n","protected":false},"featured_media":4155,"comment_status":"open","ping_status":"closed","template":"","meta":{"om_disable_all_campaigns":false,"_monsterinsights_skip_tracking":false,"_monsterinsights_sitenote_active":false,"_monsterinsights_sitenote_note":"","_monsterinsights_sitenote_category":0,"_uf_show_specific_survey":0,"_uf_disable_surveys":false},"product_cat":[26],"product_tag":[],"aioseo_notices":[],"jetpack_sharing_enabled":true,"_links":{"self":[{"href":"https:\/\/casadolivreiro.pt\/index.php\/wp-json\/wp\/v2\/product\/4154"}],"collection":[{"href":"https:\/\/casadolivreiro.pt\/index.php\/wp-json\/wp\/v2\/product"}],"about":[{"href":"https:\/\/casadolivreiro.pt\/index.php\/wp-json\/wp\/v2\/types\/product"}],"replies":[{"embeddable":true,"href":"https:\/\/casadolivreiro.pt\/index.php\/wp-json\/wp\/v2\/comments?post=4154"}],"wp:featuredmedia":[{"embeddable":true,"href":"https:\/\/casadolivreiro.pt\/index.php\/wp-json\/wp\/v2\/media\/4155"}],"wp:attachment":[{"href":"https:\/\/casadolivreiro.pt\/index.php\/wp-json\/wp\/v2\/media?parent=4154"}],"wp:term":[{"taxonomy":"product_cat","embeddable":true,"href":"https:\/\/casadolivreiro.pt\/index.php\/wp-json\/wp\/v2\/product_cat?post=4154"},{"taxonomy":"product_tag","embeddable":true,"href":"https:\/\/casadolivreiro.pt\/index.php\/wp-json\/wp\/v2\/product_tag?post=4154"}],"curies":[{"name":"wp","href":"https:\/\/api.w.org\/{rel}","templated":true}]}}