{"id":4152,"date":"2025-04-03T15:13:34","date_gmt":"2025-04-03T15:13:34","guid":{"rendered":"https:\/\/casadolivreiro.pt\/?post_type=product&#038;p=4152"},"modified":"2025-04-03T15:13:34","modified_gmt":"2025-04-03T15:13:34","slug":"conhecer-jesus-e-tudo-alejandro-bullon","status":"publish","type":"product","link":"https:\/\/casadolivreiro.pt\/index.php\/product\/conhecer-jesus-e-tudo-alejandro-bullon\/","title":{"rendered":"CONHECER JESUS \u00c9 TUDO \u2013 Alejandro Bull\u00f3n"},"content":{"rendered":"<p>CONHECER JESUS \u00c9 TUDO \u2013 Alejandro Bull\u00f3n<\/p>\n<p>Ano de edi\u00e7\u00e3o: 1993<\/p>\n<p>Editor: Publicadora Atl\u00e2ntico S.A.<\/p>\n<p>Idioma: Portugu\u00eas<\/p>\n<p>Dimens\u00f5es: 10.5 x 0.8 x 17cm<\/p>\n<p>Encaderna\u00e7\u00e3o: Capa mole<\/p>\n<p>P\u00e1ginas: 148<\/p>\n","protected":false},"excerpt":{"rendered":"<p>CONHECER JESUS \u00c9 TUDO \u2013 Alejandro Bull\u00f3n Ano de edi\u00e7\u00e3o: 1993 Editor: Publicadora Atl\u00e2ntico S.A. Idioma: Portugu\u00eas Dimens\u00f5es: 10.5 x 0.8 x 17cm Encaderna\u00e7\u00e3o: Capa mole P\u00e1ginas: 148<\/p>\n","protected":false},"featured_media":4153,"comment_status":"open","ping_status":"closed","template":"","meta":{"om_disable_all_campaigns":false,"_monsterinsights_skip_tracking":false,"_monsterinsights_sitenote_active":false,"_monsterinsights_sitenote_note":"","_monsterinsights_sitenote_category":0,"_uf_show_specific_survey":0,"_uf_disable_surveys":false},"product_cat":[33],"product_tag":[],"aioseo_notices":[],"jetpack_sharing_enabled":true,"_links":{"self":[{"href":"https:\/\/casadolivreiro.pt\/index.php\/wp-json\/wp\/v2\/product\/4152"}],"collection":[{"href":"https:\/\/casadolivreiro.pt\/index.php\/wp-json\/wp\/v2\/product"}],"about":[{"href":"https:\/\/casadolivreiro.pt\/index.php\/wp-json\/wp\/v2\/types\/product"}],"replies":[{"embeddable":true,"href":"https:\/\/casadolivreiro.pt\/index.php\/wp-json\/wp\/v2\/comments?post=4152"}],"wp:featuredmedia":[{"embeddable":true,"href":"https:\/\/casadolivreiro.pt\/index.php\/wp-json\/wp\/v2\/media\/4153"}],"wp:attachment":[{"href":"https:\/\/casadolivreiro.pt\/index.php\/wp-json\/wp\/v2\/media?parent=4152"}],"wp:term":[{"taxonomy":"product_cat","embeddable":true,"href":"https:\/\/casadolivreiro.pt\/index.php\/wp-json\/wp\/v2\/product_cat?post=4152"},{"taxonomy":"product_tag","embeddable":true,"href":"https:\/\/casadolivreiro.pt\/index.php\/wp-json\/wp\/v2\/product_tag?post=4152"}],"curies":[{"name":"wp","href":"https:\/\/api.w.org\/{rel}","templated":true}]}}