{"id":4146,"date":"2025-04-03T14:47:53","date_gmt":"2025-04-03T14:47:53","guid":{"rendered":"https:\/\/casadolivreiro.pt\/?post_type=product&#038;p=4146"},"modified":"2025-04-03T14:47:53","modified_gmt":"2025-04-03T14:47:53","slug":"manual-do-peregrino-de-vila-vicosa","status":"publish","type":"product","link":"https:\/\/casadolivreiro.pt\/index.php\/product\/manual-do-peregrino-de-vila-vicosa\/","title":{"rendered":"MANUAL DO PEREGRINO DE VILA VI\u00c7OSA"},"content":{"rendered":"<p>MANUAL DO PEREGRINO DE VILA VI\u00c7OSA<\/p>\n<p>Colec\u00e7\u00e3o: O ARAUTO DA PADROEIRA<\/p>\n<p>Ano de edi\u00e7\u00e3o: 2002<\/p>\n<p>Editor: R\u00e9gia Confraria e da Confraria dos Escravos de Nossa Senhora da Concei\u00e7\u00e3o de Vila Vi\u00e7osa<\/p>\n<p>Idioma: Portugu\u00eas<\/p>\n<p>Dimens\u00f5es: 10.5 x 1.2 x 15cm<\/p>\n<p>Encaderna\u00e7\u00e3o: Capa mole<\/p>\n<p>P\u00e1ginas: 159<\/p>\n","protected":false},"excerpt":{"rendered":"<p>MANUAL DO PEREGRINO DE VILA VI\u00c7OSA Colec\u00e7\u00e3o: O ARAUTO DA PADROEIRA Ano de edi\u00e7\u00e3o: 2002 Editor: R\u00e9gia Confraria e da Confraria dos Escravos de Nossa Senhora da Concei\u00e7\u00e3o de Vila Vi\u00e7osa Idioma: Portugu\u00eas Dimens\u00f5es: 10.5 x 1.2 x 15cm Encaderna\u00e7\u00e3o: Capa mole P\u00e1ginas: 159<\/p>\n","protected":false},"featured_media":4147,"comment_status":"open","ping_status":"closed","template":"","meta":{"om_disable_all_campaigns":false,"_monsterinsights_skip_tracking":false,"_monsterinsights_sitenote_active":false,"_monsterinsights_sitenote_note":"","_monsterinsights_sitenote_category":0,"_uf_show_specific_survey":0,"_uf_disable_surveys":false},"product_cat":[33],"product_tag":[],"aioseo_notices":[],"jetpack_sharing_enabled":true,"_links":{"self":[{"href":"https:\/\/casadolivreiro.pt\/index.php\/wp-json\/wp\/v2\/product\/4146"}],"collection":[{"href":"https:\/\/casadolivreiro.pt\/index.php\/wp-json\/wp\/v2\/product"}],"about":[{"href":"https:\/\/casadolivreiro.pt\/index.php\/wp-json\/wp\/v2\/types\/product"}],"replies":[{"embeddable":true,"href":"https:\/\/casadolivreiro.pt\/index.php\/wp-json\/wp\/v2\/comments?post=4146"}],"wp:featuredmedia":[{"embeddable":true,"href":"https:\/\/casadolivreiro.pt\/index.php\/wp-json\/wp\/v2\/media\/4147"}],"wp:attachment":[{"href":"https:\/\/casadolivreiro.pt\/index.php\/wp-json\/wp\/v2\/media?parent=4146"}],"wp:term":[{"taxonomy":"product_cat","embeddable":true,"href":"https:\/\/casadolivreiro.pt\/index.php\/wp-json\/wp\/v2\/product_cat?post=4146"},{"taxonomy":"product_tag","embeddable":true,"href":"https:\/\/casadolivreiro.pt\/index.php\/wp-json\/wp\/v2\/product_tag?post=4146"}],"curies":[{"name":"wp","href":"https:\/\/api.w.org\/{rel}","templated":true}]}}