{"id":4140,"date":"2025-04-03T14:17:38","date_gmt":"2025-04-03T14:17:38","guid":{"rendered":"https:\/\/casadolivreiro.pt\/?post_type=product&#038;p=4140"},"modified":"2025-04-03T14:17:38","modified_gmt":"2025-04-03T14:17:38","slug":"a-verdade-que-conduz-a-vida-eterna","status":"publish","type":"product","link":"https:\/\/casadolivreiro.pt\/index.php\/product\/a-verdade-que-conduz-a-vida-eterna\/","title":{"rendered":"A VERDADE QUE CONDUZ \u00c0 VIDA ETERNA"},"content":{"rendered":"<p>A VERDADE QUE CONDUZ \u00c0 VIDA ETERNA<\/p>\n<p>Ano de edi\u00e7\u00e3o: 1968<\/p>\n<p>Editor: T\u00f4rre de Vigia<\/p>\n<p>Idioma: Portugu\u00eas<\/p>\n<p>Dimens\u00f5es: 10.5 x 0.9 x 16.1cm<\/p>\n<p>Encaderna\u00e7\u00e3o: Capa mole<\/p>\n<p>P\u00e1ginas: 190<\/p>\n","protected":false},"excerpt":{"rendered":"<p>A VERDADE QUE CONDUZ \u00c0 VIDA ETERNA Ano de edi\u00e7\u00e3o: 1968 Editor: T\u00f4rre de Vigia Idioma: Portugu\u00eas Dimens\u00f5es: 10.5 x 0.9 x 16.1cm Encaderna\u00e7\u00e3o: Capa mole P\u00e1ginas: 190<\/p>\n","protected":false},"featured_media":4141,"comment_status":"open","ping_status":"closed","template":"","meta":{"om_disable_all_campaigns":false,"_monsterinsights_skip_tracking":false,"_monsterinsights_sitenote_active":false,"_monsterinsights_sitenote_note":"","_monsterinsights_sitenote_category":0,"_uf_show_specific_survey":0,"_uf_disable_surveys":false},"product_cat":[33],"product_tag":[],"aioseo_notices":[],"jetpack_sharing_enabled":true,"_links":{"self":[{"href":"https:\/\/casadolivreiro.pt\/index.php\/wp-json\/wp\/v2\/product\/4140"}],"collection":[{"href":"https:\/\/casadolivreiro.pt\/index.php\/wp-json\/wp\/v2\/product"}],"about":[{"href":"https:\/\/casadolivreiro.pt\/index.php\/wp-json\/wp\/v2\/types\/product"}],"replies":[{"embeddable":true,"href":"https:\/\/casadolivreiro.pt\/index.php\/wp-json\/wp\/v2\/comments?post=4140"}],"wp:featuredmedia":[{"embeddable":true,"href":"https:\/\/casadolivreiro.pt\/index.php\/wp-json\/wp\/v2\/media\/4141"}],"wp:attachment":[{"href":"https:\/\/casadolivreiro.pt\/index.php\/wp-json\/wp\/v2\/media?parent=4140"}],"wp:term":[{"taxonomy":"product_cat","embeddable":true,"href":"https:\/\/casadolivreiro.pt\/index.php\/wp-json\/wp\/v2\/product_cat?post=4140"},{"taxonomy":"product_tag","embeddable":true,"href":"https:\/\/casadolivreiro.pt\/index.php\/wp-json\/wp\/v2\/product_tag?post=4140"}],"curies":[{"name":"wp","href":"https:\/\/api.w.org\/{rel}","templated":true}]}}