{"id":4138,"date":"2025-04-03T14:09:40","date_gmt":"2025-04-03T14:09:40","guid":{"rendered":"https:\/\/casadolivreiro.pt\/?post_type=product&#038;p=4138"},"modified":"2025-04-03T14:09:40","modified_gmt":"2025-04-03T14:09:40","slug":"agenda-2008-caminhando-com-os-santos-maria-helena","status":"publish","type":"product","link":"https:\/\/casadolivreiro.pt\/index.php\/product\/agenda-2008-caminhando-com-os-santos-maria-helena\/","title":{"rendered":"AGENDA 2008: CAMINHANDO COM OS SANTOS \u2013 Maria Helena"},"content":{"rendered":"<p>AGENDA 2008: CAMINHANDO COM OS SANTOS \u2013 Maria Helena<\/p>\n<p>Ano de edi\u00e7\u00e3o: 2007<\/p>\n<p>Editor: Maria Helena<\/p>\n<p>Idioma: Portugu\u00eas<\/p>\n<p>Dimens\u00f5es: 11.8 x 1.6 x 16.5cm<\/p>\n<p>Encaderna\u00e7\u00e3o: Capa mole<\/p>\n<p>P\u00e1ginas: 202<\/p>\n","protected":false},"excerpt":{"rendered":"<p>AGENDA 2008: CAMINHANDO COM OS SANTOS \u2013 Maria Helena Ano de edi\u00e7\u00e3o: 2007 Editor: Maria Helena Idioma: Portugu\u00eas Dimens\u00f5es: 11.8 x 1.6 x 16.5cm Encaderna\u00e7\u00e3o: Capa mole P\u00e1ginas: 202<\/p>\n","protected":false},"featured_media":4139,"comment_status":"open","ping_status":"closed","template":"","meta":{"om_disable_all_campaigns":false,"_monsterinsights_skip_tracking":false,"_monsterinsights_sitenote_active":false,"_monsterinsights_sitenote_note":"","_monsterinsights_sitenote_category":0,"_uf_show_specific_survey":0,"_uf_disable_surveys":false},"product_cat":[33],"product_tag":[],"aioseo_notices":[],"jetpack_sharing_enabled":true,"_links":{"self":[{"href":"https:\/\/casadolivreiro.pt\/index.php\/wp-json\/wp\/v2\/product\/4138"}],"collection":[{"href":"https:\/\/casadolivreiro.pt\/index.php\/wp-json\/wp\/v2\/product"}],"about":[{"href":"https:\/\/casadolivreiro.pt\/index.php\/wp-json\/wp\/v2\/types\/product"}],"replies":[{"embeddable":true,"href":"https:\/\/casadolivreiro.pt\/index.php\/wp-json\/wp\/v2\/comments?post=4138"}],"wp:featuredmedia":[{"embeddable":true,"href":"https:\/\/casadolivreiro.pt\/index.php\/wp-json\/wp\/v2\/media\/4139"}],"wp:attachment":[{"href":"https:\/\/casadolivreiro.pt\/index.php\/wp-json\/wp\/v2\/media?parent=4138"}],"wp:term":[{"taxonomy":"product_cat","embeddable":true,"href":"https:\/\/casadolivreiro.pt\/index.php\/wp-json\/wp\/v2\/product_cat?post=4138"},{"taxonomy":"product_tag","embeddable":true,"href":"https:\/\/casadolivreiro.pt\/index.php\/wp-json\/wp\/v2\/product_tag?post=4138"}],"curies":[{"name":"wp","href":"https:\/\/api.w.org\/{rel}","templated":true}]}}