{"id":4134,"date":"2025-04-03T13:58:25","date_gmt":"2025-04-03T13:58:25","guid":{"rendered":"https:\/\/casadolivreiro.pt\/?post_type=product&#038;p=4134"},"modified":"2025-04-03T13:58:25","modified_gmt":"2025-04-03T13:58:25","slug":"viver-a-vida-com-prazer-salle-merrill-redfield","status":"publish","type":"product","link":"https:\/\/casadolivreiro.pt\/index.php\/product\/viver-a-vida-com-prazer-salle-merrill-redfield\/","title":{"rendered":"VIVER A VIDA COM PRAZER \u2013 Salle Merrill Redfield"},"content":{"rendered":"<p>VIVER A VIDA COM PRAZER \u2013 Salle Merrill Redfield<\/p>\n<p>Tradu\u00e7\u00e3o de Marisa Roberto<\/p>\n<p>Ano de edi\u00e7\u00e3o:\u00a0 2003, 1.\u00aa edi\u00e7\u00e3o<\/p>\n<p>Editor: Editorial Not\u00edcias<\/p>\n<p>Idioma: Portugu\u00eas<\/p>\n<p>Dimens\u00f5es: 10.4 x 1.7 x 18cm<\/p>\n<p>Encaderna\u00e7\u00e3o: Capa mole<\/p>\n<p>P\u00e1ginas: 202<\/p>\n","protected":false},"excerpt":{"rendered":"<p>VIVER A VIDA COM PRAZER \u2013 Salle Merrill Redfield Tradu\u00e7\u00e3o de Marisa Roberto Ano de edi\u00e7\u00e3o:\u00a0 2003, 1.\u00aa edi\u00e7\u00e3o Editor: Editorial Not\u00edcias Idioma: Portugu\u00eas Dimens\u00f5es: 10.4 x 1.7 x 18cm Encaderna\u00e7\u00e3o: Capa mole P\u00e1ginas: 202<\/p>\n","protected":false},"featured_media":4135,"comment_status":"open","ping_status":"closed","template":"","meta":{"om_disable_all_campaigns":false,"_monsterinsights_skip_tracking":false,"_monsterinsights_sitenote_active":false,"_monsterinsights_sitenote_note":"","_monsterinsights_sitenote_category":0,"_uf_show_specific_survey":0,"_uf_disable_surveys":false},"product_cat":[33,43],"product_tag":[],"aioseo_notices":[],"jetpack_sharing_enabled":true,"_links":{"self":[{"href":"https:\/\/casadolivreiro.pt\/index.php\/wp-json\/wp\/v2\/product\/4134"}],"collection":[{"href":"https:\/\/casadolivreiro.pt\/index.php\/wp-json\/wp\/v2\/product"}],"about":[{"href":"https:\/\/casadolivreiro.pt\/index.php\/wp-json\/wp\/v2\/types\/product"}],"replies":[{"embeddable":true,"href":"https:\/\/casadolivreiro.pt\/index.php\/wp-json\/wp\/v2\/comments?post=4134"}],"wp:featuredmedia":[{"embeddable":true,"href":"https:\/\/casadolivreiro.pt\/index.php\/wp-json\/wp\/v2\/media\/4135"}],"wp:attachment":[{"href":"https:\/\/casadolivreiro.pt\/index.php\/wp-json\/wp\/v2\/media?parent=4134"}],"wp:term":[{"taxonomy":"product_cat","embeddable":true,"href":"https:\/\/casadolivreiro.pt\/index.php\/wp-json\/wp\/v2\/product_cat?post=4134"},{"taxonomy":"product_tag","embeddable":true,"href":"https:\/\/casadolivreiro.pt\/index.php\/wp-json\/wp\/v2\/product_tag?post=4134"}],"curies":[{"name":"wp","href":"https:\/\/api.w.org\/{rel}","templated":true}]}}