{"id":4126,"date":"2025-04-02T23:07:39","date_gmt":"2025-04-02T23:07:39","guid":{"rendered":"https:\/\/casadolivreiro.pt\/?post_type=product&#038;p=4126"},"modified":"2025-04-02T23:07:39","modified_gmt":"2025-04-02T23:07:39","slug":"os-jesuitas-2-0-regresso-jean-lacouture","status":"publish","type":"product","link":"https:\/\/casadolivreiro.pt\/index.php\/product\/os-jesuitas-2-0-regresso-jean-lacouture\/","title":{"rendered":"OS JESU\u00cdTAS, 2.0 Regresso \u2013 Jean Lacouture"},"content":{"rendered":"<p>OS JESU\u00cdTAS, 2.0 Regresso \u2013 Jean Lacouture<\/p>\n<p>Tradu\u00e7\u00e3o: Ana Moura<\/p>\n<p>Ano de edi\u00e7\u00e3o:\u00a0 1993, 1.\u00aa edi\u00e7\u00e3o<\/p>\n<p>Editor: Refer\u00eancia, Editorial Estampa<\/p>\n<p>Idioma: Portugu\u00eas<\/p>\n<p>Dimens\u00f5es: 16 x 4 x 23.5cm<\/p>\n<p>Encaderna\u00e7\u00e3o: Capa dura<\/p>\n<p>P\u00e1ginas: 611<\/p>\n","protected":false},"excerpt":{"rendered":"<p>OS JESU\u00cdTAS, 2.0 Regresso \u2013 Jean Lacouture Tradu\u00e7\u00e3o: Ana Moura Ano de edi\u00e7\u00e3o:\u00a0 1993, 1.\u00aa edi\u00e7\u00e3o Editor: Refer\u00eancia, Editorial Estampa Idioma: Portugu\u00eas Dimens\u00f5es: 16 x 4 x 23.5cm Encaderna\u00e7\u00e3o: Capa dura P\u00e1ginas: 611<\/p>\n","protected":false},"featured_media":4127,"comment_status":"open","ping_status":"closed","template":"","meta":{"om_disable_all_campaigns":false,"_monsterinsights_skip_tracking":false,"_monsterinsights_sitenote_active":false,"_monsterinsights_sitenote_note":"","_monsterinsights_sitenote_category":0,"_uf_show_specific_survey":0,"_uf_disable_surveys":false},"product_cat":[33],"product_tag":[],"aioseo_notices":[],"jetpack_sharing_enabled":true,"_links":{"self":[{"href":"https:\/\/casadolivreiro.pt\/index.php\/wp-json\/wp\/v2\/product\/4126"}],"collection":[{"href":"https:\/\/casadolivreiro.pt\/index.php\/wp-json\/wp\/v2\/product"}],"about":[{"href":"https:\/\/casadolivreiro.pt\/index.php\/wp-json\/wp\/v2\/types\/product"}],"replies":[{"embeddable":true,"href":"https:\/\/casadolivreiro.pt\/index.php\/wp-json\/wp\/v2\/comments?post=4126"}],"wp:featuredmedia":[{"embeddable":true,"href":"https:\/\/casadolivreiro.pt\/index.php\/wp-json\/wp\/v2\/media\/4127"}],"wp:attachment":[{"href":"https:\/\/casadolivreiro.pt\/index.php\/wp-json\/wp\/v2\/media?parent=4126"}],"wp:term":[{"taxonomy":"product_cat","embeddable":true,"href":"https:\/\/casadolivreiro.pt\/index.php\/wp-json\/wp\/v2\/product_cat?post=4126"},{"taxonomy":"product_tag","embeddable":true,"href":"https:\/\/casadolivreiro.pt\/index.php\/wp-json\/wp\/v2\/product_tag?post=4126"}],"curies":[{"name":"wp","href":"https:\/\/api.w.org\/{rel}","templated":true}]}}