{"id":4120,"date":"2025-04-02T20:37:11","date_gmt":"2025-04-02T20:37:11","guid":{"rendered":"https:\/\/casadolivreiro.pt\/?post_type=product&#038;p=4120"},"modified":"2025-04-02T20:37:11","modified_gmt":"2025-04-02T20:37:11","slug":"mente-carater-e-personalidade-i-guia-para-a-saude-mental-e-espiritual-ellen-g-white","status":"publish","type":"product","link":"https:\/\/casadolivreiro.pt\/index.php\/product\/mente-carater-e-personalidade-i-guia-para-a-saude-mental-e-espiritual-ellen-g-white\/","title":{"rendered":"MENTE, CAR\u00c1TER E PERSONALIDADE \u2013 I: Guia Para a Sa\u00fade Mental e Espiritual \u2013 Ellen G. White"},"content":{"rendered":"<p>MENTE, CAR\u00c1TER E PERSONALIDADE \u2013 I: Guia Para a Sa\u00fade Mental e Espiritual \u2013 Ellen G. White<\/p>\n<p>Tradu\u00e7\u00e3o de Luiz Waldvogel<\/p>\n<p>Ano de edi\u00e7\u00e3o:\u00a0 1990<\/p>\n<p>Editor: Casa Publicadora Brasileira<\/p>\n<p>Idioma: Portugu\u00eas<\/p>\n<p>Dimens\u00f5es: 14 x 2.1 x 21cm<\/p>\n<p>Encaderna\u00e7\u00e3o: Capa dura<\/p>\n<p>P\u00e1ginas: 369<\/p>\n","protected":false},"excerpt":{"rendered":"<p>MENTE, CAR\u00c1TER E PERSONALIDADE \u2013 I: Guia Para a Sa\u00fade Mental e Espiritual \u2013 Ellen G. White Tradu\u00e7\u00e3o de Luiz Waldvogel Ano de edi\u00e7\u00e3o:\u00a0 1990 Editor: Casa Publicadora Brasileira Idioma: Portugu\u00eas Dimens\u00f5es: 14 x 2.1 x 21cm Encaderna\u00e7\u00e3o: Capa dura P\u00e1ginas: 369<\/p>\n","protected":false},"featured_media":4121,"comment_status":"open","ping_status":"closed","template":"","meta":{"om_disable_all_campaigns":false,"_monsterinsights_skip_tracking":false,"_monsterinsights_sitenote_active":false,"_monsterinsights_sitenote_note":"","_monsterinsights_sitenote_category":0,"_uf_show_specific_survey":0,"_uf_disable_surveys":false},"product_cat":[33],"product_tag":[],"aioseo_notices":[],"jetpack_sharing_enabled":true,"_links":{"self":[{"href":"https:\/\/casadolivreiro.pt\/index.php\/wp-json\/wp\/v2\/product\/4120"}],"collection":[{"href":"https:\/\/casadolivreiro.pt\/index.php\/wp-json\/wp\/v2\/product"}],"about":[{"href":"https:\/\/casadolivreiro.pt\/index.php\/wp-json\/wp\/v2\/types\/product"}],"replies":[{"embeddable":true,"href":"https:\/\/casadolivreiro.pt\/index.php\/wp-json\/wp\/v2\/comments?post=4120"}],"wp:featuredmedia":[{"embeddable":true,"href":"https:\/\/casadolivreiro.pt\/index.php\/wp-json\/wp\/v2\/media\/4121"}],"wp:attachment":[{"href":"https:\/\/casadolivreiro.pt\/index.php\/wp-json\/wp\/v2\/media?parent=4120"}],"wp:term":[{"taxonomy":"product_cat","embeddable":true,"href":"https:\/\/casadolivreiro.pt\/index.php\/wp-json\/wp\/v2\/product_cat?post=4120"},{"taxonomy":"product_tag","embeddable":true,"href":"https:\/\/casadolivreiro.pt\/index.php\/wp-json\/wp\/v2\/product_tag?post=4120"}],"curies":[{"name":"wp","href":"https:\/\/api.w.org\/{rel}","templated":true}]}}