{"id":4117,"date":"2025-04-02T20:21:52","date_gmt":"2025-04-02T20:21:52","guid":{"rendered":"https:\/\/casadolivreiro.pt\/?post_type=product&#038;p=4117"},"modified":"2025-04-02T20:21:52","modified_gmt":"2025-04-02T20:21:52","slug":"jesus-no-seu-tempo-seleccoes-do-readers-digest","status":"publish","type":"product","link":"https:\/\/casadolivreiro.pt\/index.php\/product\/jesus-no-seu-tempo-seleccoes-do-readers-digest\/","title":{"rendered":"JESUS NO SEU TEMPO \u2013 Selec\u00e7\u00f5es do Reader\u2019s Digest"},"content":{"rendered":"<p>JESUS NO SEU TEMPO \u2013 Selec\u00e7\u00f5es do Reader\u2019s Digest<\/p>\n<p>Ano de edi\u00e7\u00e3o:\u00a0 1988, 1.\u00aa edi\u00e7\u00e3o<\/p>\n<p>Editor: Reader\u2019s Digest, SA, Lisboa<\/p>\n<p>Idioma: Portugu\u00eas<\/p>\n<p>Dimens\u00f5es: 25 x 3 x 22cm<\/p>\n<p>Encaderna\u00e7\u00e3o: Capa dura<\/p>\n<p>P\u00e1ginas: 334<\/p>\n","protected":false},"excerpt":{"rendered":"<p>JESUS NO SEU TEMPO \u2013 Selec\u00e7\u00f5es do Reader\u2019s Digest Ano de edi\u00e7\u00e3o:\u00a0 1988, 1.\u00aa edi\u00e7\u00e3o Editor: Reader\u2019s Digest, SA, Lisboa Idioma: Portugu\u00eas Dimens\u00f5es: 25 x 3 x 22cm Encaderna\u00e7\u00e3o: Capa dura P\u00e1ginas: 334<\/p>\n","protected":false},"featured_media":4118,"comment_status":"open","ping_status":"closed","template":"","meta":{"om_disable_all_campaigns":false,"_monsterinsights_skip_tracking":false,"_monsterinsights_sitenote_active":false,"_monsterinsights_sitenote_note":"","_monsterinsights_sitenote_category":0,"_uf_show_specific_survey":0,"_uf_disable_surveys":false},"product_cat":[33],"product_tag":[],"aioseo_notices":[],"jetpack_sharing_enabled":true,"_links":{"self":[{"href":"https:\/\/casadolivreiro.pt\/index.php\/wp-json\/wp\/v2\/product\/4117"}],"collection":[{"href":"https:\/\/casadolivreiro.pt\/index.php\/wp-json\/wp\/v2\/product"}],"about":[{"href":"https:\/\/casadolivreiro.pt\/index.php\/wp-json\/wp\/v2\/types\/product"}],"replies":[{"embeddable":true,"href":"https:\/\/casadolivreiro.pt\/index.php\/wp-json\/wp\/v2\/comments?post=4117"}],"wp:featuredmedia":[{"embeddable":true,"href":"https:\/\/casadolivreiro.pt\/index.php\/wp-json\/wp\/v2\/media\/4118"}],"wp:attachment":[{"href":"https:\/\/casadolivreiro.pt\/index.php\/wp-json\/wp\/v2\/media?parent=4117"}],"wp:term":[{"taxonomy":"product_cat","embeddable":true,"href":"https:\/\/casadolivreiro.pt\/index.php\/wp-json\/wp\/v2\/product_cat?post=4117"},{"taxonomy":"product_tag","embeddable":true,"href":"https:\/\/casadolivreiro.pt\/index.php\/wp-json\/wp\/v2\/product_tag?post=4117"}],"curies":[{"name":"wp","href":"https:\/\/api.w.org\/{rel}","templated":true}]}}