{"id":4111,"date":"2025-04-02T20:01:43","date_gmt":"2025-04-02T20:01:43","guid":{"rendered":"https:\/\/casadolivreiro.pt\/?post_type=product&#038;p=4111"},"modified":"2025-04-02T20:01:43","modified_gmt":"2025-04-02T20:01:43","slug":"deus-e-o-computador-roberto-vacca","status":"publish","type":"product","link":"https:\/\/casadolivreiro.pt\/index.php\/product\/deus-e-o-computador-roberto-vacca\/","title":{"rendered":"DEUS E O COMPUTADOR \u2013 Roberto Vacca"},"content":{"rendered":"<p>DEUS E O COMPUTADOR \u2013 Roberto Vacca<\/p>\n<p>Tradu\u00e7\u00e3o de Pedro Barbosa<\/p>\n<p>Ano de edi\u00e7\u00e3o:\u00a0 1987<\/p>\n<p>Editor: Edi\u00e7\u00f5es Afrontamento<\/p>\n<p>Idioma: Portugu\u00eas<\/p>\n<p>Dimens\u00f5es: 14.7 x 1.8 x 21cm<\/p>\n<p>Encaderna\u00e7\u00e3o: Capa mole<\/p>\n<p>P\u00e1ginas: 277<\/p>\n","protected":false},"excerpt":{"rendered":"<p>DEUS E O COMPUTADOR \u2013 Roberto Vacca Tradu\u00e7\u00e3o de Pedro Barbosa Ano de edi\u00e7\u00e3o:\u00a0 1987 Editor: Edi\u00e7\u00f5es Afrontamento Idioma: Portugu\u00eas Dimens\u00f5es: 14.7 x 1.8 x 21cm Encaderna\u00e7\u00e3o: Capa mole P\u00e1ginas: 277<\/p>\n","protected":false},"featured_media":4112,"comment_status":"open","ping_status":"closed","template":"","meta":{"om_disable_all_campaigns":false,"_monsterinsights_skip_tracking":false,"_monsterinsights_sitenote_active":false,"_monsterinsights_sitenote_note":"","_monsterinsights_sitenote_category":0,"_uf_show_specific_survey":0,"_uf_disable_surveys":false},"product_cat":[33,25],"product_tag":[],"aioseo_notices":[],"jetpack_sharing_enabled":true,"_links":{"self":[{"href":"https:\/\/casadolivreiro.pt\/index.php\/wp-json\/wp\/v2\/product\/4111"}],"collection":[{"href":"https:\/\/casadolivreiro.pt\/index.php\/wp-json\/wp\/v2\/product"}],"about":[{"href":"https:\/\/casadolivreiro.pt\/index.php\/wp-json\/wp\/v2\/types\/product"}],"replies":[{"embeddable":true,"href":"https:\/\/casadolivreiro.pt\/index.php\/wp-json\/wp\/v2\/comments?post=4111"}],"wp:featuredmedia":[{"embeddable":true,"href":"https:\/\/casadolivreiro.pt\/index.php\/wp-json\/wp\/v2\/media\/4112"}],"wp:attachment":[{"href":"https:\/\/casadolivreiro.pt\/index.php\/wp-json\/wp\/v2\/media?parent=4111"}],"wp:term":[{"taxonomy":"product_cat","embeddable":true,"href":"https:\/\/casadolivreiro.pt\/index.php\/wp-json\/wp\/v2\/product_cat?post=4111"},{"taxonomy":"product_tag","embeddable":true,"href":"https:\/\/casadolivreiro.pt\/index.php\/wp-json\/wp\/v2\/product_tag?post=4111"}],"curies":[{"name":"wp","href":"https:\/\/api.w.org\/{rel}","templated":true}]}}