{"id":4102,"date":"2025-04-02T19:03:49","date_gmt":"2025-04-02T19:03:49","guid":{"rendered":"https:\/\/casadolivreiro.pt\/?post_type=product&#038;p=4102"},"modified":"2025-04-02T19:03:49","modified_gmt":"2025-04-02T19:03:49","slug":"guia-de-formacao-pessoal-mauricio-tieche","status":"publish","type":"product","link":"https:\/\/casadolivreiro.pt\/index.php\/product\/guia-de-formacao-pessoal-mauricio-tieche\/","title":{"rendered":"GUIA DE FORMA\u00c7\u00c3O PESSOAL \u2013 Mauricio Ti\u00e8che"},"content":{"rendered":"<p>GUIA DE FORMA\u00c7\u00c3O PESSOAL \u2013 Mauricio Ti\u00e8che<\/p>\n<p>Tradu\u00e7\u00e3o de A. Dias Gomes<\/p>\n<p>Ano de edi\u00e7\u00e3o:\u00a0 1976<\/p>\n<p>Editor: Publicadora Atlantico, SARL<\/p>\n<p>Idioma: Portugu\u00eas<\/p>\n<p>Dimens\u00f5es: 15 x 2.6 x 21.7cm<\/p>\n<p>Encaderna\u00e7\u00e3o: Capa dura<\/p>\n<p>P\u00e1ginas: 326<\/p>\n","protected":false},"excerpt":{"rendered":"<p>GUIA DE FORMA\u00c7\u00c3O PESSOAL \u2013 Mauricio Ti\u00e8che Tradu\u00e7\u00e3o de A. Dias Gomes Ano de edi\u00e7\u00e3o:\u00a0 1976 Editor: Publicadora Atlantico, SARL Idioma: Portugu\u00eas Dimens\u00f5es: 15 x 2.6 x 21.7cm Encaderna\u00e7\u00e3o: Capa dura P\u00e1ginas: 326<\/p>\n","protected":false},"featured_media":4103,"comment_status":"open","ping_status":"closed","template":"","meta":{"om_disable_all_campaigns":false,"_monsterinsights_skip_tracking":false,"_monsterinsights_sitenote_active":false,"_monsterinsights_sitenote_note":"","_monsterinsights_sitenote_category":0,"_uf_show_specific_survey":0,"_uf_disable_surveys":false},"product_cat":[31,33,43],"product_tag":[],"aioseo_notices":[],"jetpack_sharing_enabled":true,"_links":{"self":[{"href":"https:\/\/casadolivreiro.pt\/index.php\/wp-json\/wp\/v2\/product\/4102"}],"collection":[{"href":"https:\/\/casadolivreiro.pt\/index.php\/wp-json\/wp\/v2\/product"}],"about":[{"href":"https:\/\/casadolivreiro.pt\/index.php\/wp-json\/wp\/v2\/types\/product"}],"replies":[{"embeddable":true,"href":"https:\/\/casadolivreiro.pt\/index.php\/wp-json\/wp\/v2\/comments?post=4102"}],"wp:featuredmedia":[{"embeddable":true,"href":"https:\/\/casadolivreiro.pt\/index.php\/wp-json\/wp\/v2\/media\/4103"}],"wp:attachment":[{"href":"https:\/\/casadolivreiro.pt\/index.php\/wp-json\/wp\/v2\/media?parent=4102"}],"wp:term":[{"taxonomy":"product_cat","embeddable":true,"href":"https:\/\/casadolivreiro.pt\/index.php\/wp-json\/wp\/v2\/product_cat?post=4102"},{"taxonomy":"product_tag","embeddable":true,"href":"https:\/\/casadolivreiro.pt\/index.php\/wp-json\/wp\/v2\/product_tag?post=4102"}],"curies":[{"name":"wp","href":"https:\/\/api.w.org\/{rel}","templated":true}]}}