{"id":410,"date":"2024-03-11T20:21:52","date_gmt":"2024-03-11T20:21:52","guid":{"rendered":"https:\/\/casadolivreiro.pt\/?post_type=product&#038;p=410"},"modified":"2025-02-19T18:57:29","modified_gmt":"2025-02-19T18:57:29","slug":"odisseia-da-ciencia-enciclopedia-multimedia-vol-5-o-planeta-terra","status":"publish","type":"product","link":"https:\/\/casadolivreiro.pt\/index.php\/product\/odisseia-da-ciencia-enciclopedia-multimedia-vol-5-o-planeta-terra\/","title":{"rendered":"ODISSEIA DA CI\u00caNCIA: Enciclop\u00e9dia Multim\u00e9dia, Vol.5 &#8211; O PLANETA TERRA"},"content":{"rendered":"<p>ODISSEIA DA CI\u00caNCIA: Enciclop\u00e9dia Multim\u00e9dia, Vol.5<br \/>\nO PLANETA TERRA<br \/>\nISBN: 972-8918-30-5<br \/>\nEditor: Visionarium, Centro de ci\u00eancia do Europarque, Santa Maria da Feira, PT<br \/>\nData de Lan\u00e7amento: 2005<br \/>\nIdioma:\u00a0 Portugu\u00eas<br \/>\nDimens\u00f5es: 19.4 x 0.8 x 25 cm<br \/>\nEncaderna\u00e7\u00e3o: Capa dura<br \/>\nP\u00e1ginas: 35<br \/>\nDVD\u00a0 inclu\u00eddo<\/p>\n","protected":false},"excerpt":{"rendered":"<p>ODISSEIA DA CI\u00caNCIA: Enciclop\u00e9dia Multim\u00e9dia, Vol.5 O PLANETA TERRA ISBN: 972-8918-30-5 Editor: Visionarium, Centro de ci\u00eancia do Europarque, Santa Maria da Feira, PT Data de Lan\u00e7amento: 2005 Idioma:\u00a0 Portugu\u00eas Dimens\u00f5es: 19.4 x 0.8 x 25 cm Encaderna\u00e7\u00e3o: Capa dura P\u00e1ginas: 35 DVD\u00a0 inclu\u00eddo<\/p>\n","protected":false},"featured_media":411,"comment_status":"open","ping_status":"closed","template":"","meta":{"om_disable_all_campaigns":false,"_monsterinsights_skip_tracking":false,"_monsterinsights_sitenote_active":false,"_monsterinsights_sitenote_note":"","_monsterinsights_sitenote_category":0,"_uf_show_specific_survey":0,"_uf_disable_surveys":false},"product_cat":[32,46,47,34],"product_tag":[],"aioseo_notices":[],"jetpack_sharing_enabled":true,"_links":{"self":[{"href":"https:\/\/casadolivreiro.pt\/index.php\/wp-json\/wp\/v2\/product\/410"}],"collection":[{"href":"https:\/\/casadolivreiro.pt\/index.php\/wp-json\/wp\/v2\/product"}],"about":[{"href":"https:\/\/casadolivreiro.pt\/index.php\/wp-json\/wp\/v2\/types\/product"}],"replies":[{"embeddable":true,"href":"https:\/\/casadolivreiro.pt\/index.php\/wp-json\/wp\/v2\/comments?post=410"}],"wp:featuredmedia":[{"embeddable":true,"href":"https:\/\/casadolivreiro.pt\/index.php\/wp-json\/wp\/v2\/media\/411"}],"wp:attachment":[{"href":"https:\/\/casadolivreiro.pt\/index.php\/wp-json\/wp\/v2\/media?parent=410"}],"wp:term":[{"taxonomy":"product_cat","embeddable":true,"href":"https:\/\/casadolivreiro.pt\/index.php\/wp-json\/wp\/v2\/product_cat?post=410"},{"taxonomy":"product_tag","embeddable":true,"href":"https:\/\/casadolivreiro.pt\/index.php\/wp-json\/wp\/v2\/product_tag?post=410"}],"curies":[{"name":"wp","href":"https:\/\/api.w.org\/{rel}","templated":true}]}}