{"id":4080,"date":"2025-04-02T16:00:48","date_gmt":"2025-04-02T16:00:48","guid":{"rendered":"https:\/\/casadolivreiro.pt\/?post_type=product&#038;p=4080"},"modified":"2025-04-02T16:00:49","modified_gmt":"2025-04-02T16:00:49","slug":"o-calvario-e-a-missa-fulton-j-sheen-ph-d-d-d","status":"publish","type":"product","link":"https:\/\/casadolivreiro.pt\/index.php\/product\/o-calvario-e-a-missa-fulton-j-sheen-ph-d-d-d\/","title":{"rendered":"O CALV\u00c1RIO E A MISSA \u2013 Fulton J. Sheen, Ph.D. , D.D."},"content":{"rendered":"<p>O CALV\u00c1RIO E A MISSA \u2013 Fulton J. Sheen, Ph.D. , D.D.<\/p>\n<p>Tradu\u00e7\u00e3o de Marta de Mesquita da C\u00e2mara<\/p>\n<p>Ano de edi\u00e7\u00e3o: 1958<\/p>\n<p>Editor: Livraria Figueirinhas, porto<\/p>\n<p>Idioma: Portugu\u00eas<\/p>\n<p>Dimens\u00f5es: 13.2 x 1.9 x 19.5cm<\/p>\n<p>Encaderna\u00e7\u00e3o: Capa mole<\/p>\n<p>P\u00e1ginas: 172<\/p>\n","protected":false},"excerpt":{"rendered":"<p>O CALV\u00c1RIO E A MISSA \u2013 Fulton J. Sheen, Ph.D. , D.D. Tradu\u00e7\u00e3o de Marta de Mesquita da C\u00e2mara Ano de edi\u00e7\u00e3o: 1958 Editor: Livraria Figueirinhas, porto Idioma: Portugu\u00eas Dimens\u00f5es: 13.2 x 1.9 x 19.5cm Encaderna\u00e7\u00e3o: Capa mole P\u00e1ginas: 172<\/p>\n","protected":false},"featured_media":4081,"comment_status":"open","ping_status":"closed","template":"","meta":{"om_disable_all_campaigns":false,"_monsterinsights_skip_tracking":false,"_monsterinsights_sitenote_active":false,"_monsterinsights_sitenote_note":"","_monsterinsights_sitenote_category":0,"_uf_show_specific_survey":0,"_uf_disable_surveys":false},"product_cat":[33],"product_tag":[],"aioseo_notices":[],"jetpack_sharing_enabled":true,"_links":{"self":[{"href":"https:\/\/casadolivreiro.pt\/index.php\/wp-json\/wp\/v2\/product\/4080"}],"collection":[{"href":"https:\/\/casadolivreiro.pt\/index.php\/wp-json\/wp\/v2\/product"}],"about":[{"href":"https:\/\/casadolivreiro.pt\/index.php\/wp-json\/wp\/v2\/types\/product"}],"replies":[{"embeddable":true,"href":"https:\/\/casadolivreiro.pt\/index.php\/wp-json\/wp\/v2\/comments?post=4080"}],"wp:featuredmedia":[{"embeddable":true,"href":"https:\/\/casadolivreiro.pt\/index.php\/wp-json\/wp\/v2\/media\/4081"}],"wp:attachment":[{"href":"https:\/\/casadolivreiro.pt\/index.php\/wp-json\/wp\/v2\/media?parent=4080"}],"wp:term":[{"taxonomy":"product_cat","embeddable":true,"href":"https:\/\/casadolivreiro.pt\/index.php\/wp-json\/wp\/v2\/product_cat?post=4080"},{"taxonomy":"product_tag","embeddable":true,"href":"https:\/\/casadolivreiro.pt\/index.php\/wp-json\/wp\/v2\/product_tag?post=4080"}],"curies":[{"name":"wp","href":"https:\/\/api.w.org\/{rel}","templated":true}]}}