{"id":4074,"date":"2025-04-02T15:37:02","date_gmt":"2025-04-02T15:37:02","guid":{"rendered":"https:\/\/casadolivreiro.pt\/?post_type=product&#038;p=4074"},"modified":"2025-04-02T15:37:02","modified_gmt":"2025-04-02T15:37:02","slug":"a-fe-e-a-razao-carta-enciclica-fides-et-ratio-do-sumo-pontifice-joao-paulo-ii-aos-bispos-da-igreja-catolica-sobre-as-relacoes-entre-a-fe-e-a-razao","status":"publish","type":"product","link":"https:\/\/casadolivreiro.pt\/index.php\/product\/a-fe-e-a-razao-carta-enciclica-fides-et-ratio-do-sumo-pontifice-joao-paulo-ii-aos-bispos-da-igreja-catolica-sobre-as-relacoes-entre-a-fe-e-a-razao\/","title":{"rendered":"A F\u00c9 E A RAZ\u00c3O: Carta Enc\u00edclica FIDES ET RATIO DO SUMO PONT\u00cdFICE JO\u00c3O PAULO II AOS BISPOS DA IGREJA CAT\u00d3LICA SOBRE AS RELA\u00c7\u00d5ES ENTRE A F\u00c9 E A RAZ\u00c3O"},"content":{"rendered":"<p>A F\u00c9 E A RAZ\u00c3O: Carta Enc\u00edclica FIDES ET RATIO DO SUMO PONT\u00cdFICE JO\u00c3O PAULO II AOS BISPOS DA IGREJA CAT\u00d3LICA SOBRE AS RELA\u00c7\u00d5ES ENTRE A F\u00c9 E A RAZ\u00c3O<\/p>\n<p>Ano de edi\u00e7\u00e3o: 1998, 2\u00aa edi\u00e7\u00e3o<\/p>\n<p>Editor: Secretariado Geral do Episcopado<\/p>\n<p>Idioma: Portugu\u00eas<\/p>\n<p>Dimens\u00f5es: 13 x 0.8 x 20.5cm<\/p>\n<p>Encaderna\u00e7\u00e3o: Capa mole<\/p>\n<p>P\u00e1ginas: 141<\/p>\n","protected":false},"excerpt":{"rendered":"<p>A F\u00c9 E A RAZ\u00c3O: Carta Enc\u00edclica FIDES ET RATIO DO SUMO PONT\u00cdFICE JO\u00c3O PAULO II AOS BISPOS DA IGREJA CAT\u00d3LICA SOBRE AS RELA\u00c7\u00d5ES ENTRE A F\u00c9 E A RAZ\u00c3O Ano de edi\u00e7\u00e3o: 1998, 2\u00aa edi\u00e7\u00e3o Editor: Secretariado Geral do Episcopado Idioma: Portugu\u00eas Dimens\u00f5es: 13 x 0.8 x 20.5cm Encaderna\u00e7\u00e3o: Capa mole P\u00e1ginas: 141<\/p>\n","protected":false},"featured_media":4075,"comment_status":"open","ping_status":"closed","template":"","meta":{"om_disable_all_campaigns":false,"_monsterinsights_skip_tracking":false,"_monsterinsights_sitenote_active":false,"_monsterinsights_sitenote_note":"","_monsterinsights_sitenote_category":0,"_uf_show_specific_survey":0,"_uf_disable_surveys":false},"product_cat":[33],"product_tag":[],"aioseo_notices":[],"jetpack_sharing_enabled":true,"_links":{"self":[{"href":"https:\/\/casadolivreiro.pt\/index.php\/wp-json\/wp\/v2\/product\/4074"}],"collection":[{"href":"https:\/\/casadolivreiro.pt\/index.php\/wp-json\/wp\/v2\/product"}],"about":[{"href":"https:\/\/casadolivreiro.pt\/index.php\/wp-json\/wp\/v2\/types\/product"}],"replies":[{"embeddable":true,"href":"https:\/\/casadolivreiro.pt\/index.php\/wp-json\/wp\/v2\/comments?post=4074"}],"wp:featuredmedia":[{"embeddable":true,"href":"https:\/\/casadolivreiro.pt\/index.php\/wp-json\/wp\/v2\/media\/4075"}],"wp:attachment":[{"href":"https:\/\/casadolivreiro.pt\/index.php\/wp-json\/wp\/v2\/media?parent=4074"}],"wp:term":[{"taxonomy":"product_cat","embeddable":true,"href":"https:\/\/casadolivreiro.pt\/index.php\/wp-json\/wp\/v2\/product_cat?post=4074"},{"taxonomy":"product_tag","embeddable":true,"href":"https:\/\/casadolivreiro.pt\/index.php\/wp-json\/wp\/v2\/product_tag?post=4074"}],"curies":[{"name":"wp","href":"https:\/\/api.w.org\/{rel}","templated":true}]}}