{"id":4070,"date":"2025-04-02T15:21:06","date_gmt":"2025-04-02T15:21:06","guid":{"rendered":"https:\/\/casadolivreiro.pt\/?post_type=product&#038;p=4070"},"modified":"2025-04-02T15:21:06","modified_gmt":"2025-04-02T15:21:06","slug":"reinos-em-guerra-taticas-para-vitoria-em-nove-areas-da-guerra-espiritual-bill-bright-ron-jenson","status":"publish","type":"product","link":"https:\/\/casadolivreiro.pt\/index.php\/product\/reinos-em-guerra-taticas-para-vitoria-em-nove-areas-da-guerra-espiritual-bill-bright-ron-jenson\/","title":{"rendered":"REINOS EM GUERRA: T\u00e1ticas para Vit\u00f3ria em Nove \u00c1reas da Guerra Espiritual \u2013 Bill Bright &#038; Ron Jenson"},"content":{"rendered":"<p>REINOS EM GUERRA: T\u00e1ticas para Vit\u00f3ria em Nove \u00c1reas da Guerra Espiritual \u2013 Bill Bright &amp; Ron Jenson<\/p>\n<p>Ano de edi\u00e7\u00e3o: 1993, 1\u00aa edi\u00e7\u00e3o<\/p>\n<p>Editor: Editora e distribuidora Candeia, S\u00e3o Paulo<\/p>\n<p>Idioma: Portugu\u00eas<\/p>\n<p>Dimens\u00f5es: 13.9 x 1.1 x 21cm<\/p>\n<p>Encaderna\u00e7\u00e3o: Capa mole<\/p>\n<p>P\u00e1ginas: 278<\/p>\n","protected":false},"excerpt":{"rendered":"<p>REINOS EM GUERRA: T\u00e1ticas para Vit\u00f3ria em Nove \u00c1reas da Guerra Espiritual \u2013 Bill Bright &amp; Ron Jenson Ano de edi\u00e7\u00e3o: 1993, 1\u00aa edi\u00e7\u00e3o Editor: Editora e distribuidora Candeia, S\u00e3o Paulo Idioma: Portugu\u00eas Dimens\u00f5es: 13.9 x 1.1 x 21cm Encaderna\u00e7\u00e3o: Capa mole P\u00e1ginas: 278<\/p>\n","protected":false},"featured_media":4071,"comment_status":"open","ping_status":"closed","template":"","meta":{"om_disable_all_campaigns":false,"_monsterinsights_skip_tracking":false,"_monsterinsights_sitenote_active":false,"_monsterinsights_sitenote_note":"","_monsterinsights_sitenote_category":0,"_uf_show_specific_survey":0,"_uf_disable_surveys":false},"product_cat":[33],"product_tag":[],"aioseo_notices":[],"jetpack_sharing_enabled":true,"_links":{"self":[{"href":"https:\/\/casadolivreiro.pt\/index.php\/wp-json\/wp\/v2\/product\/4070"}],"collection":[{"href":"https:\/\/casadolivreiro.pt\/index.php\/wp-json\/wp\/v2\/product"}],"about":[{"href":"https:\/\/casadolivreiro.pt\/index.php\/wp-json\/wp\/v2\/types\/product"}],"replies":[{"embeddable":true,"href":"https:\/\/casadolivreiro.pt\/index.php\/wp-json\/wp\/v2\/comments?post=4070"}],"wp:featuredmedia":[{"embeddable":true,"href":"https:\/\/casadolivreiro.pt\/index.php\/wp-json\/wp\/v2\/media\/4071"}],"wp:attachment":[{"href":"https:\/\/casadolivreiro.pt\/index.php\/wp-json\/wp\/v2\/media?parent=4070"}],"wp:term":[{"taxonomy":"product_cat","embeddable":true,"href":"https:\/\/casadolivreiro.pt\/index.php\/wp-json\/wp\/v2\/product_cat?post=4070"},{"taxonomy":"product_tag","embeddable":true,"href":"https:\/\/casadolivreiro.pt\/index.php\/wp-json\/wp\/v2\/product_tag?post=4070"}],"curies":[{"name":"wp","href":"https:\/\/api.w.org\/{rel}","templated":true}]}}