{"id":4068,"date":"2025-04-02T14:59:22","date_gmt":"2025-04-02T14:59:22","guid":{"rendered":"https:\/\/casadolivreiro.pt\/?post_type=product&#038;p=4068"},"modified":"2025-04-02T14:59:57","modified_gmt":"2025-04-02T14:59:57","slug":"valorize-mais-a-sua-vida-a-balbach","status":"publish","type":"product","link":"https:\/\/casadolivreiro.pt\/index.php\/product\/valorize-mais-a-sua-vida-a-balbach\/","title":{"rendered":"VALORIZE MAIS A SUA VIDA \u2013 A. Balbach"},"content":{"rendered":"<p>VALORIZE MAIS A SUA VIDA \u2013 A. Balbach<\/p>\n<p>Tradu\u00e7\u00e3o David P. Silva<\/p>\n<p>Ano de edi\u00e7\u00e3o: 2008<\/p>\n<p>Editor: Edi\u00e7\u00f5es Une, Lisboa<\/p>\n<p>Idioma: Portugu\u00eas<\/p>\n<p>Dimens\u00f5es: 14.5 x 1.1 x 21cm<\/p>\n<p>Encaderna\u00e7\u00e3o: Capa mole<\/p>\n<p>P\u00e1ginas: 190<\/p>\n","protected":false},"excerpt":{"rendered":"<p>VALORIZE MAIS A SUA VIDA \u2013 A. Balbach Tradu\u00e7\u00e3o David P. Silva Ano de edi\u00e7\u00e3o: 2008 Editor: Edi\u00e7\u00f5es Une, Lisboa Idioma: Portugu\u00eas Dimens\u00f5es: 14.5 x 1.1 x 21cm Encaderna\u00e7\u00e3o: Capa mole P\u00e1ginas: 190<\/p>\n","protected":false},"featured_media":4069,"comment_status":"open","ping_status":"closed","template":"","meta":{"om_disable_all_campaigns":false,"_monsterinsights_skip_tracking":false,"_monsterinsights_sitenote_active":false,"_monsterinsights_sitenote_note":"","_monsterinsights_sitenote_category":0,"_uf_show_specific_survey":0,"_uf_disable_surveys":false},"product_cat":[33],"product_tag":[],"aioseo_notices":[],"jetpack_sharing_enabled":true,"_links":{"self":[{"href":"https:\/\/casadolivreiro.pt\/index.php\/wp-json\/wp\/v2\/product\/4068"}],"collection":[{"href":"https:\/\/casadolivreiro.pt\/index.php\/wp-json\/wp\/v2\/product"}],"about":[{"href":"https:\/\/casadolivreiro.pt\/index.php\/wp-json\/wp\/v2\/types\/product"}],"replies":[{"embeddable":true,"href":"https:\/\/casadolivreiro.pt\/index.php\/wp-json\/wp\/v2\/comments?post=4068"}],"wp:featuredmedia":[{"embeddable":true,"href":"https:\/\/casadolivreiro.pt\/index.php\/wp-json\/wp\/v2\/media\/4069"}],"wp:attachment":[{"href":"https:\/\/casadolivreiro.pt\/index.php\/wp-json\/wp\/v2\/media?parent=4068"}],"wp:term":[{"taxonomy":"product_cat","embeddable":true,"href":"https:\/\/casadolivreiro.pt\/index.php\/wp-json\/wp\/v2\/product_cat?post=4068"},{"taxonomy":"product_tag","embeddable":true,"href":"https:\/\/casadolivreiro.pt\/index.php\/wp-json\/wp\/v2\/product_tag?post=4068"}],"curies":[{"name":"wp","href":"https:\/\/api.w.org\/{rel}","templated":true}]}}